{"id":1063,"date":"2019-05-02T13:55:23","date_gmt":"2019-05-02T13:55:23","guid":{"rendered":"http:\/\/oknarener.22media.sk\/kontakt\/"},"modified":"2023-05-03T08:52:17","modified_gmt":"2023-05-03T08:52:17","slug":"kapcsolat","status":"publish","type":"page","link":"https:\/\/oknarener.sk\/hu\/kapcsolat\/","title":{"rendered":"Kapcsolat"},"content":{"rendered":"\t\t<div data-elementor-type=\"wp-post\" data-elementor-id=\"1063\" class=\"elementor elementor-1063 elementor-230\" data-elementor-post-type=\"page\">\n\t\t\t\t\t\t\t\t\t<section class=\"elementor-section elementor-top-section elementor-element elementor-element-6bdf409 elementor-section-boxed elementor-section-height-default elementor-section-height-default\" data-id=\"6bdf409\" data-element_type=\"section\" data-settings=\"{&quot;background_background&quot;:&quot;classic&quot;}\">\n\t\t\t\t\t\t<div class=\"elementor-container elementor-column-gap-no\">\n\t\t\t\t\t<div class=\"elementor-column elementor-col-100 elementor-top-column elementor-element elementor-element-8cf82d9\" data-id=\"8cf82d9\" data-element_type=\"column\">\n\t\t\t<div class=\"elementor-widget-wrap elementor-element-populated\">\n\t\t\t\t\t\t\t\t<div class=\"elementor-element elementor-element-a0f5748 elementor-widget elementor-widget-shortcode\" data-id=\"a0f5748\" data-element_type=\"widget\" data-widget_type=\"shortcode.default\">\n\t\t\t\t<div class=\"elementor-widget-container\">\n\t\t\t\t\t<div class=\"elementor-shortcode\"><ul class=\"breads\"><li><a href=\"https:\/\/oknarener.sk\/hu\/\" title=\"F\u0151oldal\">F\u0151oldal<\/a><\/li><li><a href=\"https:\/\/oknarener.sk\/hu\/kapcsolat\/\" title=\"Kapcsolat\">Kapcsolat<\/a><\/li><\/ul><\/div>\n\t\t\t\t<\/div>\n\t\t\t\t<\/div>\n\t\t\t\t\t<\/div>\n\t\t<\/div>\n\t\t\t\t\t\t\t<\/div>\n\t\t<\/section>\n\t\t\t\t<section class=\"elementor-section elementor-top-section elementor-element elementor-element-e12564a elementor-section-boxed elementor-section-height-default elementor-section-height-default\" data-id=\"e12564a\" data-element_type=\"section\">\n\t\t\t\t\t\t<div class=\"elementor-container elementor-column-gap-default\">\n\t\t\t\t\t<div class=\"elementor-column elementor-col-100 elementor-top-column elementor-element elementor-element-62f58a6\" data-id=\"62f58a6\" data-element_type=\"column\">\n\t\t\t<div class=\"elementor-widget-wrap elementor-element-populated\">\n\t\t\t\t\t\t\t\t<div class=\"elementor-element elementor-element-d62669c title-decor elementor-widget elementor-widget-global elementor-global-253 elementor-widget-heading\" data-id=\"d62669c\" data-element_type=\"widget\" data-widget_type=\"heading.default\">\n\t\t\t\t<div class=\"elementor-widget-container\">\n\t\t\t<style>\/*! elementor - v3.14.0 - 26-06-2023 *\/\n.elementor-heading-title{padding:0;margin:0;line-height:1}.elementor-widget-heading .elementor-heading-title[class*=elementor-size-]>a{color:inherit;font-size:inherit;line-height:inherit}.elementor-widget-heading .elementor-heading-title.elementor-size-small{font-size:15px}.elementor-widget-heading .elementor-heading-title.elementor-size-medium{font-size:19px}.elementor-widget-heading .elementor-heading-title.elementor-size-large{font-size:29px}.elementor-widget-heading .elementor-heading-title.elementor-size-xl{font-size:39px}.elementor-widget-heading .elementor-heading-title.elementor-size-xxl{font-size:59px}<\/style><h2 class=\"elementor-heading-title elementor-size-default\">Kapcsolat<\/h2>\t\t<\/div>\n\t\t\t\t<\/div>\n\t\t\t\t<section class=\"elementor-section elementor-inner-section elementor-element elementor-element-60d196b elementor-section-boxed elementor-section-height-default elementor-section-height-default\" data-id=\"60d196b\" data-element_type=\"section\">\n\t\t\t\t\t\t<div class=\"elementor-container elementor-column-gap-wider\">\n\t\t\t\t\t<div class=\"elementor-column elementor-col-25 elementor-inner-column elementor-element elementor-element-1916080\" data-id=\"1916080\" data-element_type=\"column\" data-settings=\"{&quot;background_background&quot;:&quot;classic&quot;}\">\n\t\t\t<div class=\"elementor-widget-wrap elementor-element-populated\">\n\t\t\t\t\t\t\t\t<div class=\"elementor-element elementor-element-3733a86 elementor-widget elementor-widget-text-editor\" data-id=\"3733a86\" data-element_type=\"widget\" data-widget_type=\"text-editor.default\">\n\t\t\t\t<div class=\"elementor-widget-container\">\n\t\t\t<style>\/*! elementor - v3.14.0 - 26-06-2023 *\/\n.elementor-widget-text-editor.elementor-drop-cap-view-stacked .elementor-drop-cap{background-color:#69727d;color:#fff}.elementor-widget-text-editor.elementor-drop-cap-view-framed .elementor-drop-cap{color:#69727d;border:3px solid;background-color:transparent}.elementor-widget-text-editor:not(.elementor-drop-cap-view-default) .elementor-drop-cap{margin-top:8px}.elementor-widget-text-editor:not(.elementor-drop-cap-view-default) .elementor-drop-cap-letter{width:1em;height:1em}.elementor-widget-text-editor .elementor-drop-cap{float:left;text-align:center;line-height:1;font-size:50px}.elementor-widget-text-editor .elementor-drop-cap-letter{display:inline-block}<\/style>\t\t\t\t<h3>\u00c9RT\u00c9KES\u00cdT\u00c9S P\u00e1rk\u00e1ny<\/h3>\n<p><strong>C\u00edm:<\/strong><br \/>\nRENER s.r.o.<br \/>\nSobieskeho ul. 4<br \/>\n\u0160t\u00farovo<\/p>\n<p><strong>Telef\u00f3n:<\/strong><br \/>\n<span class=\"tel-flags\">+421 918 513 270<\/span><br \/>\n<span class=\"tel-flags\">+421 948 510 291<\/span><br \/>\n<span class=\"tel-flags\">+421 949 017 500<\/span><\/p>\n<p><strong>E-mail:<\/strong><br \/>\n<a href=\"mailto:sturovo@slovaktual.eu\">sturovo@slovaktual.eu<\/a><br \/>\nNagyobb form\u00e1tumok:<br \/>\n<a href=\"mailto:slovaktualsturovo@gmail.com\">slovaktualsturovo@gmail.com<\/a><\/p>\n\t\t\t\t\t\t<\/div>\n\t\t\t\t<\/div>\n\t\t\t\t<div class=\"elementor-element elementor-element-32f0729 elementor-widget elementor-widget-text-editor\" data-id=\"32f0729\" data-element_type=\"widget\" data-widget_type=\"text-editor.default\">\n\t\t\t\t<div class=\"elementor-widget-container\">\n\t\t\t\t\t\t\t<h3>NYITVATART\u00c1S<\/h3>\n<p><b>H : <\/b>09:00-12:00\u00a0 \u00a013:00-16:30<br \/>\n<span style=\"font-weight: bold;\">K : <\/span>09:00-12:00\u00a0 \u00a013:00-16:30<br \/>\n<span style=\"font-weight: bold;\">Sz : <\/span>09:00-12:00\u00a0 \u00a013:00-16:30<br \/>\n<span style=\"font-weight: bold;\">Cs : <\/span>09:00-12:00\u00a0 \u00a013:00-16:30<br \/>\n<span style=\"font-weight: bold;\">P : <\/span>09:00-12:00\u00a0 \u00a013:00-16:30<br \/>\n<span style=\"font-weight: bold;\">Sz: <\/span>09:00-12:00<\/p>\n\t\t\t\t\t\t<\/div>\n\t\t\t\t<\/div>\n\t\t\t\t\t<\/div>\n\t\t<\/div>\n\t\t\t\t<div class=\"elementor-column elementor-col-25 elementor-inner-column elementor-element elementor-element-8030613\" data-id=\"8030613\" data-element_type=\"column\" data-settings=\"{&quot;background_background&quot;:&quot;classic&quot;}\">\n\t\t\t<div class=\"elementor-widget-wrap elementor-element-populated\">\n\t\t\t\t\t\t\t\t<div class=\"elementor-element elementor-element-b4af496 elementor-widget elementor-widget-text-editor\" data-id=\"b4af496\" data-element_type=\"widget\" data-widget_type=\"text-editor.default\">\n\t\t\t\t<div class=\"elementor-widget-container\">\n\t\t\t\t\t\t\t<h3>\u00c9RT\u00c9KES\u00cdT\u00c9S Pozsony<\/h3>\n<p><strong>C\u00edm:<\/strong><br \/>\nFoxWind s.r.o.<br \/>\nVr\u00fatock\u00e1 8<br \/>\n821 04 Bratislava<\/p>\n<p><strong>Telef\u00f3n:<\/strong><br \/>\n<span class=\"tel-flag-sk\">+421 948 208 675<\/span><br \/>\n<span class=\"tel-flags\">+421 940 942 697<\/span><br \/>\n<span class=\"tel-flags\">+421 947 901 223<\/span><\/p>\n<p><strong>E-mail:<\/strong><br \/>\n<a href=\"mailto:bratislava1@slovaktual.eu\">bratislava1@slovaktual.eu<\/a><br \/>\nNagyobb form\u00e1tumok<br \/>\n<a href=\"mailto:foxwinba@gmail.com\">foxwinba@gmail.com<\/a><\/p>\n\t\t\t\t\t\t<\/div>\n\t\t\t\t<\/div>\n\t\t\t\t<div class=\"elementor-element elementor-element-f4bec38 elementor-widget elementor-widget-text-editor\" data-id=\"f4bec38\" data-element_type=\"widget\" data-widget_type=\"text-editor.default\">\n\t\t\t\t<div class=\"elementor-widget-container\">\n\t\t\t\t\t\t\t<h3>NYITVATART\u00c1S<\/h3>\n<p><b>H : <\/b>09:00-12:00\u00a0 \u00a013:00-17:00<br \/>\n<span style=\"font-weight: bold;\">K : <\/span>09:00-12:00\u00a0 \u00a013:00-17:00<br \/>\n<span style=\"font-weight: bold;\">Sz : <\/span>09:00-12:00\u00a0 \u00a013:00-17:00<br \/>\n<span style=\"font-weight: bold;\">Cs : <\/span>09:00-12:00\u00a0 \u00a013:00-17:00<br \/>\n<span style=\"font-weight: bold;\">P : <\/span>09:00-12:00\u00a0 \u00a013:00-17:00<br \/>\n<span style=\"font-weight: bold;\">Sz: <\/span>z\u00e1rva<\/p>\n\t\t\t\t\t\t<\/div>\n\t\t\t\t<\/div>\n\t\t\t\t\t<\/div>\n\t\t<\/div>\n\t\t\t\t<div class=\"elementor-column elementor-col-25 elementor-inner-column elementor-element elementor-element-47b84ed\" data-id=\"47b84ed\" data-element_type=\"column\" data-settings=\"{&quot;background_background&quot;:&quot;classic&quot;}\">\n\t\t\t<div class=\"elementor-widget-wrap elementor-element-populated\">\n\t\t\t\t\t\t\t\t<div class=\"elementor-element elementor-element-4bde71c elementor-widget elementor-widget-text-editor\" data-id=\"4bde71c\" data-element_type=\"widget\" data-widget_type=\"text-editor.default\">\n\t\t\t\t<div class=\"elementor-widget-container\">\n\t\t\t\t\t\t\t<h3>\u00c9RT\u00c9KES\u00cdT\u00c9S Kom\u00e1rom<\/h3>\n<p><strong>C\u00edm:<\/strong><br \/>\nRENER s.r.o.<br \/>\nPet\u0151fiho 20<br \/>\nKom\u00e1rno<\/p>\n<p><strong>Telef\u00f3n:<\/strong><br \/>\n<span class=\"tel-flags\">+421 944 553 190<\/span><\/p>\n<p><strong>E-mail:<\/strong><br \/>\n<a href=\"mailto:komarno@slovaktual.eu\">komarno@slovaktual.eu<\/a><br \/>\nNagyobb form\u00e1tumok:<br \/>\n<a href=\"mailto:slovaktualsturovo@gmail.com\">slovaktualsturovo@gmail.com<\/a><\/p>\n\t\t\t\t\t\t<\/div>\n\t\t\t\t<\/div>\n\t\t\t\t<div class=\"elementor-element elementor-element-0aa726e elementor-widget elementor-widget-text-editor\" data-id=\"0aa726e\" data-element_type=\"widget\" data-widget_type=\"text-editor.default\">\n\t\t\t\t<div class=\"elementor-widget-container\">\n\t\t\t\t\t\t\t<h3>NYITVATART\u00c1S<\/h3>\n<p><b>H : <\/b>08:00-12:00\u00a0 \u00a013:00-16:30<br \/>\n<span style=\"font-weight: bold;\">K : <\/span>08:00-12:00\u00a0 \u00a013:00-16:30<br \/>\n<span style=\"font-weight: bold;\">Sz : <\/span>08:00-12:00\u00a0 \u00a013:00-16:30<br \/>\n<span style=\"font-weight: bold;\">Cs : <\/span>08:00-12:00\u00a0 \u00a013:00-16:30<br \/>\n<span style=\"font-weight: bold;\">P : <\/span>08:00-12:00\u00a0 \u00a013:00-16:30<br \/>\n<span style=\"font-weight: bold;\">Sz: <\/span>egyeztet\u00e9s alapj\u00e1n<\/p>\n\t\t\t\t\t\t<\/div>\n\t\t\t\t<\/div>\n\t\t\t\t\t<\/div>\n\t\t<\/div>\n\t\t\t\t<div class=\"elementor-column elementor-col-25 elementor-inner-column elementor-element elementor-element-d6f7ebe\" data-id=\"d6f7ebe\" data-element_type=\"column\" data-settings=\"{&quot;background_background&quot;:&quot;classic&quot;}\">\n\t\t\t<div class=\"elementor-widget-wrap elementor-element-populated\">\n\t\t\t\t\t\t\t\t<div class=\"elementor-element elementor-element-4d9ef6d gallery-22 elementor-widget elementor-widget-image-gallery\" data-id=\"4d9ef6d\" data-element_type=\"widget\" data-widget_type=\"image-gallery.default\">\n\t\t\t\t<div class=\"elementor-widget-container\">\n\t\t\t<style>\/*! elementor - v3.14.0 - 26-06-2023 *\/\n.elementor-image-gallery .gallery-item{display:inline-block;text-align:center;vertical-align:top;width:100%;max-width:100%;margin:0 auto}.elementor-image-gallery .gallery-item img{margin:0 auto}.elementor-image-gallery .gallery-item .gallery-caption{margin:0}.elementor-image-gallery figure img{display:block}.elementor-image-gallery figure figcaption{width:100%}.gallery-spacing-custom .elementor-image-gallery .gallery-icon{padding:0}@media (min-width:768px){.elementor-image-gallery .gallery-columns-2 .gallery-item{max-width:50%}.elementor-image-gallery .gallery-columns-3 .gallery-item{max-width:33.33%}.elementor-image-gallery .gallery-columns-4 .gallery-item{max-width:25%}.elementor-image-gallery .gallery-columns-5 .gallery-item{max-width:20%}.elementor-image-gallery .gallery-columns-6 .gallery-item{max-width:16.666%}.elementor-image-gallery .gallery-columns-7 .gallery-item{max-width:14.28%}.elementor-image-gallery .gallery-columns-8 .gallery-item{max-width:12.5%}.elementor-image-gallery .gallery-columns-9 .gallery-item{max-width:11.11%}.elementor-image-gallery .gallery-columns-10 .gallery-item{max-width:10%}}@media (min-width:480px) and (max-width:767px){.elementor-image-gallery .gallery.gallery-columns-2 .gallery-item,.elementor-image-gallery .gallery.gallery-columns-3 .gallery-item,.elementor-image-gallery .gallery.gallery-columns-4 .gallery-item,.elementor-image-gallery .gallery.gallery-columns-5 .gallery-item,.elementor-image-gallery .gallery.gallery-columns-6 .gallery-item,.elementor-image-gallery .gallery.gallery-columns-7 .gallery-item,.elementor-image-gallery .gallery.gallery-columns-8 .gallery-item,.elementor-image-gallery .gallery.gallery-columns-9 .gallery-item,.elementor-image-gallery .gallery.gallery-columns-10 .gallery-item{max-width:50%}}@media (max-width:479px){.elementor-image-gallery .gallery.gallery-columns-2 .gallery-item,.elementor-image-gallery .gallery.gallery-columns-3 .gallery-item,.elementor-image-gallery .gallery.gallery-columns-4 .gallery-item,.elementor-image-gallery .gallery.gallery-columns-5 .gallery-item,.elementor-image-gallery .gallery.gallery-columns-6 .gallery-item,.elementor-image-gallery .gallery.gallery-columns-7 .gallery-item,.elementor-image-gallery .gallery.gallery-columns-8 .gallery-item,.elementor-image-gallery .gallery.gallery-columns-9 .gallery-item,.elementor-image-gallery .gallery.gallery-columns-10 .gallery-item{max-width:100%}}<\/style>\t\t<div class=\"elementor-image-gallery\">\n\t\t\t<div id='gallery-1' class='gallery galleryid-1063 gallery-columns-1 gallery-size-onepress-medium'><figure class='gallery-item'>\n\t\t\t<div class='gallery-icon landscape'>\n\t\t\t\t<a data-elementor-open-lightbox=\"yes\" data-elementor-lightbox-slideshow=\"4d9ef6d\" data-elementor-lightbox-title=\"800x600_IMG_1763\" data-e-action-hash=\"#elementor-action%3Aaction%3Dlightbox%26settings%3DeyJpZCI6ODA1LCJ1cmwiOiJcL3dwLWNvbnRlbnRcL3VwbG9hZHNcLzIwMTlcLzA1XC84MDB4NjAwX0lNR18xNzYzLTEuanBnIiwic2xpZGVzaG93IjoiNGQ5ZWY2ZCJ9\" href='\/wp-content\/uploads\/2019\/05\/800x600_IMG_1763-1.jpg'><img width=\"640\" height=\"400\" src=\"\/m22_content\/uploads\/2019\/05\/800x600_IMG_1763-1-640x400.jpg\" class=\"attachment-onepress-medium size-onepress-medium\" alt=\"\" decoding=\"async\" loading=\"lazy\" srcset=\"https:\/\/oknarener.sk\/m22_content\/uploads\/2019\/05\/800x600_IMG_1763-1-640x400.jpg 640w, https:\/\/oknarener.sk\/m22_content\/uploads\/2019\/05\/800x600_IMG_1763-1-480x300.jpg 480w, https:\/\/oknarener.sk\/m22_content\/uploads\/2019\/05\/800x600_IMG_1763-1-400x250.jpg 400w\" sizes=\"(max-width: 640px) 100vw, 640px\" \/><\/a>\n\t\t\t<\/div><\/figure><figure class='gallery-item'>\n\t\t\t<div class='gallery-icon landscape'>\n\t\t\t\t<a data-elementor-open-lightbox=\"yes\" data-elementor-lightbox-slideshow=\"4d9ef6d\" data-elementor-lightbox-title=\"799x600_sturovo-04\" data-e-action-hash=\"#elementor-action%3Aaction%3Dlightbox%26settings%3DeyJpZCI6ODAxLCJ1cmwiOiJcL3dwLWNvbnRlbnRcL3VwbG9hZHNcLzIwMTlcLzA1XC83OTl4NjAwX3N0dXJvdm8tMDQuanBnIiwic2xpZGVzaG93IjoiNGQ5ZWY2ZCJ9\" href='\/wp-content\/uploads\/2019\/05\/799x600_sturovo-04.jpg'><img width=\"640\" height=\"400\" src=\"\/m22_content\/uploads\/2019\/05\/799x600_sturovo-04-640x400.jpg\" class=\"attachment-onepress-medium size-onepress-medium\" alt=\"\" decoding=\"async\" loading=\"lazy\" srcset=\"https:\/\/oknarener.sk\/m22_content\/uploads\/2019\/05\/799x600_sturovo-04-640x400.jpg 640w, https:\/\/oknarener.sk\/m22_content\/uploads\/2019\/05\/799x600_sturovo-04-480x300.jpg 480w, https:\/\/oknarener.sk\/m22_content\/uploads\/2019\/05\/799x600_sturovo-04-400x250.jpg 400w\" sizes=\"(max-width: 640px) 100vw, 640px\" \/><\/a>\n\t\t\t<\/div><\/figure><figure class='gallery-item'>\n\t\t\t<div class='gallery-icon landscape'>\n\t\t\t\t<a data-elementor-open-lightbox=\"yes\" data-elementor-lightbox-slideshow=\"4d9ef6d\" data-elementor-lightbox-title=\"800x600_IMG_1768\" data-e-action-hash=\"#elementor-action%3Aaction%3Dlightbox%26settings%3DeyJpZCI6ODA3LCJ1cmwiOiJcL3dwLWNvbnRlbnRcL3VwbG9hZHNcLzIwMTlcLzA1XC84MDB4NjAwX0lNR18xNzY4LmpwZyIsInNsaWRlc2hvdyI6IjRkOWVmNmQifQ%3D%3D\" href='\/wp-content\/uploads\/2019\/05\/800x600_IMG_1768.jpg'><img width=\"640\" height=\"400\" src=\"\/m22_content\/uploads\/2019\/05\/800x600_IMG_1768-640x400.jpg\" class=\"attachment-onepress-medium size-onepress-medium\" alt=\"\" decoding=\"async\" loading=\"lazy\" srcset=\"https:\/\/oknarener.sk\/m22_content\/uploads\/2019\/05\/800x600_IMG_1768-640x400.jpg 640w, https:\/\/oknarener.sk\/m22_content\/uploads\/2019\/05\/800x600_IMG_1768-480x300.jpg 480w, https:\/\/oknarener.sk\/m22_content\/uploads\/2019\/05\/800x600_IMG_1768-400x250.jpg 400w\" sizes=\"(max-width: 640px) 100vw, 640px\" \/><\/a>\n\t\t\t<\/div><\/figure><figure class='gallery-item'>\n\t\t\t<div class='gallery-icon landscape'>\n\t\t\t\t<a data-elementor-open-lightbox=\"yes\" data-elementor-lightbox-slideshow=\"4d9ef6d\" data-elementor-lightbox-title=\"799x600_sturovo-06\" data-e-action-hash=\"#elementor-action%3Aaction%3Dlightbox%26settings%3DeyJpZCI6ODAzLCJ1cmwiOiJcL3dwLWNvbnRlbnRcL3VwbG9hZHNcLzIwMTlcLzA1XC83OTl4NjAwX3N0dXJvdm8tMDYuanBnIiwic2xpZGVzaG93IjoiNGQ5ZWY2ZCJ9\" href='\/wp-content\/uploads\/2019\/05\/799x600_sturovo-06.jpg'><img width=\"640\" height=\"400\" src=\"\/m22_content\/uploads\/2019\/05\/799x600_sturovo-06-640x400.jpg\" class=\"attachment-onepress-medium size-onepress-medium\" alt=\"\" decoding=\"async\" loading=\"lazy\" srcset=\"https:\/\/oknarener.sk\/m22_content\/uploads\/2019\/05\/799x600_sturovo-06-640x400.jpg 640w, https:\/\/oknarener.sk\/m22_content\/uploads\/2019\/05\/799x600_sturovo-06-480x300.jpg 480w, https:\/\/oknarener.sk\/m22_content\/uploads\/2019\/05\/799x600_sturovo-06-400x250.jpg 400w\" sizes=\"(max-width: 640px) 100vw, 640px\" \/><\/a>\n\t\t\t<\/div><\/figure>\n\t\t<\/div>\n\t\t<\/div>\n\t\t\t\t<\/div>\n\t\t\t\t<\/div>\n\t\t\t\t\t<\/div>\n\t\t<\/div>\n\t\t\t\t\t\t\t<\/div>\n\t\t<\/section>\n\t\t\t\t<div class=\"elementor-element elementor-element-18df06b elementor-widget elementor-widget-shortcode\" data-id=\"18df06b\" data-element_type=\"widget\" data-widget_type=\"shortcode.default\">\n\t\t\t\t<div class=\"elementor-widget-container\">\n\t\t\t\t\t<div class=\"elementor-shortcode\"><div class=\"google-map\" id=\"map\"><\/div><script async defer src=\"https:\/\/maps.googleapis.com\/maps\/api\/js?key=AIzaSyDNFTIn3igog559SmOSCcl0d-CqbldfNXs&callback=initMap\" type=\"text\/javascript\"><\/script><script>function initMap() {\n\t\t\tvar center = {lat: 47.9720625, lng: 17.9485854};\n\t\t  \n\t\t\tvar map = new google.maps.Map(document.getElementById(\"map\"), {\n\t\t\t  zoom: 9,\n\t\t\t  center: center\n\t\t\t});\n\t\t  \n\t\t\tvar marker1 = new google.maps.Marker({\n\t\t\t\tposition: {lat: 47.798583, lng: 18.724912},\n\t\t\t\tmap: map,\n\t\t\t\ttitle: \"Sobieskeho ul. 4 - \u0160t\u00farovo\",\n\t\t\t});\n\n\t\t\tvar marker2 = new google.maps.Marker({\n\t\t\t\tposition: {lat: 47.766300, lng: 18.125496},\n\t\t\t\tmap: map,\n\t\t\t\ttitle: \"Pet\u0151fiho 20 - Kom\u00e1rno\",\n\t\t\t});\n\n\t\t\tvar marker3 = new google.maps.Marker({\n\t\t\t\tposition: {lat: 48.1683717, lng: 17.1612535},\n\t\t\t\tmap: map,\n\t\t\t\ttitle: \"Vr\u00fatock\u00e1 8 - Ru\u017einov\",\n\t\t\t});\n\t\t  }<\/script><\/div>\n\t\t\t\t<\/div>\n\t\t\t\t<\/div>\n\t\t\t\t\t<\/div>\n\t\t<\/div>\n\t\t\t\t\t\t\t<\/div>\n\t\t<\/section>\n\t\t\t\t\t\t\t<\/div>\n\t\t","protected":false},"excerpt":{"rendered":"<p>\u00c9RT\u00c9KES\u00cdT\u00c9S P\u00e1rk\u00e1ny C\u00edm: RENER s.r.o. Sobieskeho ul. 4 \u0160t\u00farovo Telef\u00f3n: +421 918 513 270 +421 948 510 291 +421 949 017 500 E-mail: sturovo@slovaktual.eu Nagyobb form\u00e1tumok: slovaktualsturovo@gmail.com NYITVATART\u00c1S H : &#8230;<\/p>\n","protected":false},"author":1,"featured_media":0,"parent":0,"menu_order":0,"comment_status":"closed","ping_status":"closed","template":"elementor_header_footer","meta":[],"tags":[],"acf":[],"_links":{"self":[{"href":"https:\/\/oknarener.sk\/hu\/wp-json\/wp\/v2\/pages\/1063"}],"collection":[{"href":"https:\/\/oknarener.sk\/hu\/wp-json\/wp\/v2\/pages"}],"about":[{"href":"https:\/\/oknarener.sk\/hu\/wp-json\/wp\/v2\/types\/page"}],"author":[{"embeddable":true,"href":"https:\/\/oknarener.sk\/hu\/wp-json\/wp\/v2\/users\/1"}],"replies":[{"embeddable":true,"href":"https:\/\/oknarener.sk\/hu\/wp-json\/wp\/v2\/comments?post=1063"}],"version-history":[{"count":3,"href":"https:\/\/oknarener.sk\/hu\/wp-json\/wp\/v2\/pages\/1063\/revisions"}],"predecessor-version":[{"id":1772,"href":"https:\/\/oknarener.sk\/hu\/wp-json\/wp\/v2\/pages\/1063\/revisions\/1772"}],"wp:attachment":[{"href":"https:\/\/oknarener.sk\/hu\/wp-json\/wp\/v2\/media?parent=1063"}],"wp:term":[{"taxonomy":"post_tag","embeddable":true,"href":"https:\/\/oknarener.sk\/hu\/wp-json\/wp\/v2\/tags?post=1063"}],"curies":[{"name":"wp","href":"https:\/\/api.w.org\/{rel}","templated":true}]}}