{"id":1287,"date":"2019-06-10T06:58:04","date_gmt":"2019-06-10T06:58:04","guid":{"rendered":"https:\/\/oknarener.sk\/?page_id=1287"},"modified":"2019-06-12T13:39:21","modified_gmt":"2019-06-12T13:39:21","slug":"rolunk","status":"publish","type":"page","link":"https:\/\/oknarener.sk\/hu\/rolunk\/","title":{"rendered":"R\u00f3lunk"},"content":{"rendered":"\t\t<div data-elementor-type=\"wp-post\" data-elementor-id=\"1287\" class=\"elementor elementor-1287 elementor-251\" data-elementor-post-type=\"page\">\n\t\t\t\t\t\t\t\t\t<section class=\"elementor-section elementor-top-section elementor-element elementor-element-755d94c1 elementor-section-boxed elementor-section-height-default elementor-section-height-default\" data-id=\"755d94c1\" data-element_type=\"section\" data-settings=\"{&quot;background_background&quot;:&quot;classic&quot;}\">\n\t\t\t\t\t\t<div class=\"elementor-container elementor-column-gap-no\">\n\t\t\t\t\t<div class=\"elementor-column elementor-col-100 elementor-top-column elementor-element elementor-element-744c8b11\" data-id=\"744c8b11\" data-element_type=\"column\">\n\t\t\t<div class=\"elementor-widget-wrap elementor-element-populated\">\n\t\t\t\t\t\t\t\t<div class=\"elementor-element elementor-element-3c20cb5 elementor-widget elementor-widget-shortcode\" data-id=\"3c20cb5\" data-element_type=\"widget\" data-widget_type=\"shortcode.default\">\n\t\t\t\t<div class=\"elementor-widget-container\">\n\t\t\t\t\t<div class=\"elementor-shortcode\"><ul class=\"breads\"><li><a href=\"https:\/\/oknarener.sk\/hu\/\" title=\"F\u0151oldal\">F\u0151oldal<\/a><\/li><li><a href=\"https:\/\/oknarener.sk\/hu\/rolunk\/\" title=\"R\u00f3lunk\">R\u00f3lunk<\/a><\/li><\/ul><\/div>\n\t\t\t\t<\/div>\n\t\t\t\t<\/div>\n\t\t\t\t\t<\/div>\n\t\t<\/div>\n\t\t\t\t\t\t\t<\/div>\n\t\t<\/section>\n\t\t\t\t<section class=\"elementor-section elementor-top-section elementor-element elementor-element-4b04b9f0 elementor-section-boxed elementor-section-height-default elementor-section-height-default\" data-id=\"4b04b9f0\" data-element_type=\"section\">\n\t\t\t\t\t\t<div class=\"elementor-container elementor-column-gap-no\">\n\t\t\t\t\t<div class=\"elementor-column elementor-col-100 elementor-top-column elementor-element elementor-element-31927a5f\" data-id=\"31927a5f\" data-element_type=\"column\">\n\t\t\t<div class=\"elementor-widget-wrap elementor-element-populated\">\n\t\t\t\t\t\t\t\t<div class=\"elementor-element elementor-element-69ab0a1b title-decor elementor-widget elementor-widget-heading\" data-id=\"69ab0a1b\" data-element_type=\"widget\" data-widget_type=\"heading.default\">\n\t\t\t\t<div class=\"elementor-widget-container\">\n\t\t\t<style>\/*! elementor - v3.14.0 - 26-06-2023 *\/\n.elementor-heading-title{padding:0;margin:0;line-height:1}.elementor-widget-heading .elementor-heading-title[class*=elementor-size-]>a{color:inherit;font-size:inherit;line-height:inherit}.elementor-widget-heading .elementor-heading-title.elementor-size-small{font-size:15px}.elementor-widget-heading .elementor-heading-title.elementor-size-medium{font-size:19px}.elementor-widget-heading .elementor-heading-title.elementor-size-large{font-size:29px}.elementor-widget-heading .elementor-heading-title.elementor-size-xl{font-size:39px}.elementor-widget-heading .elementor-heading-title.elementor-size-xxl{font-size:59px}<\/style><h2 class=\"elementor-heading-title elementor-size-default\">R\u00f3lunk<\/h2>\t\t<\/div>\n\t\t\t\t<\/div>\n\t\t\t\t<div class=\"elementor-element elementor-element-6bb3b117 elementor-widget elementor-widget-spacer\" data-id=\"6bb3b117\" data-element_type=\"widget\" data-e-bg-lazyload=\".elementor-widget-container\" data-widget_type=\"spacer.default\">\n\t\t\t\t<div class=\"elementor-widget-container\">\n\t\t\t<style>\/*! elementor - v3.14.0 - 26-06-2023 *\/\n.elementor-column .elementor-spacer-inner{height:var(--spacer-size)}.e-con{--container-widget-width:100%}.e-con-inner>.elementor-widget-spacer,.e-con>.elementor-widget-spacer{width:var(--container-widget-width,var(--spacer-size));--align-self:var(--container-widget-align-self,initial);--flex-shrink:0}.e-con-inner>.elementor-widget-spacer>.elementor-widget-container,.e-con-inner>.elementor-widget-spacer>.elementor-widget-container>.elementor-spacer,.e-con>.elementor-widget-spacer>.elementor-widget-container,.e-con>.elementor-widget-spacer>.elementor-widget-container>.elementor-spacer{height:100%}.e-con-inner>.elementor-widget-spacer>.elementor-widget-container>.elementor-spacer>.elementor-spacer-inner,.e-con>.elementor-widget-spacer>.elementor-widget-container>.elementor-spacer>.elementor-spacer-inner{height:var(--container-widget-height,var(--spacer-size))}<\/style>\t\t<div class=\"elementor-spacer\">\n\t\t\t<div class=\"elementor-spacer-inner\"><\/div>\n\t\t<\/div>\n\t\t\t\t<\/div>\n\t\t\t\t<\/div>\n\t\t\t\t<section class=\"elementor-section elementor-inner-section elementor-element elementor-element-19a73f1d elementor-section-boxed elementor-section-height-default elementor-section-height-default\" data-id=\"19a73f1d\" data-element_type=\"section\" data-settings=\"{&quot;background_background&quot;:&quot;classic&quot;}\">\n\t\t\t\t\t\t<div class=\"elementor-container elementor-column-gap-wider\">\n\t\t\t\t\t<div class=\"elementor-column elementor-col-50 elementor-inner-column elementor-element elementor-element-6bbfe39b\" data-id=\"6bbfe39b\" data-element_type=\"column\">\n\t\t\t<div class=\"elementor-widget-wrap elementor-element-populated\">\n\t\t\t\t\t\t\t\t<div class=\"elementor-element elementor-element-4fced3cf elementor-widget elementor-widget-text-editor\" data-id=\"4fced3cf\" data-element_type=\"widget\" data-widget_type=\"text-editor.default\">\n\t\t\t\t<div class=\"elementor-widget-container\">\n\t\t\t<style>\/*! elementor - v3.14.0 - 26-06-2023 *\/\n.elementor-widget-text-editor.elementor-drop-cap-view-stacked .elementor-drop-cap{background-color:#69727d;color:#fff}.elementor-widget-text-editor.elementor-drop-cap-view-framed .elementor-drop-cap{color:#69727d;border:3px solid;background-color:transparent}.elementor-widget-text-editor:not(.elementor-drop-cap-view-default) .elementor-drop-cap{margin-top:8px}.elementor-widget-text-editor:not(.elementor-drop-cap-view-default) .elementor-drop-cap-letter{width:1em;height:1em}.elementor-widget-text-editor .elementor-drop-cap{float:left;text-align:center;line-height:1;font-size:50px}.elementor-widget-text-editor .elementor-drop-cap-letter{display:inline-block}<\/style>\t\t\t\t<p>C\u00e9g\u00fcnk 2009 \u00f3ta m\u0171k\u00f6dik az ablakpiacon.<\/p><p>Szlov\u00e1kia legnagyobb ablak- \u00e9s ajt\u00f3gy\u00e1rt\u00f3j\u00e1nak, a Slovaktual Kft.-nek a kiz\u00e1r\u00f3lagos besz\u00e1ll\u00edt\u00f3ja vagyunk.<\/p><p>Jelenleg term\u00e9keink az ablakok \u00e9s ajt\u00f3k teljes piac\u00e1t lefedik, a legolcs\u00f3bb m\u0171anyag ablakokt\u00f3l a legjobb szigetel\u00e9si tulajdons\u00e1gokkal rendelkez\u0151 ablakokig, de modern alum\u00ednium ablakokat is k\u00edn\u00e1lunk, nagy cs\u00fasz\u00f3elemekkel.<br \/>Sok\u00e9ves tapasztalataink a tervez\u00e9ssel \u00e9s a szerel\u00e9ssel, az ablakok els\u0151oszt\u00e1ly\u00fa min\u0151s\u00e9g\u00e9vel az ablakok gy\u00e1rt\u00f3j\u00e1t\u00f3l, a Slovaktualt\u00f3l garant\u00e1lja a min\u0151s\u00e9get \u00e9s az \u00fcgyf\u00e9l el\u00e9gedetts\u00e9g\u00e9t. Az \u00fcgyfeleinknek sz\u00e1m\u00e1ra garanci\u00e1lis \u00e9s j\u00f3t\u00e1ll\u00e1s ut\u00e1ni szervizt ny\u00fajtunk.<\/p>\t\t\t\t\t\t<\/div>\n\t\t\t\t<\/div>\n\t\t\t\t<div class=\"elementor-element elementor-element-de11e6 elementor-widget elementor-widget-image\" data-id=\"de11e6\" data-element_type=\"widget\" data-widget_type=\"image.default\">\n\t\t\t\t<div class=\"elementor-widget-container\">\n\t\t\t<style>\/*! elementor - v3.14.0 - 26-06-2023 *\/\n.elementor-widget-image{text-align:center}.elementor-widget-image a{display:inline-block}.elementor-widget-image a img[src$=\".svg\"]{width:48px}.elementor-widget-image img{vertical-align:middle;display:inline-block}<\/style>\t\t\t\t\t\t\t\t\t\t\t\t<img decoding=\"async\" width=\"800\" height=\"361\" src=\"\/m22_content\/uploads\/2019\/06\/slovaktual-logo-1024x462.jpg\" class=\"attachment-large size-large wp-image-1281\" alt=\"\" loading=\"lazy\" srcset=\"https:\/\/oknarener.sk\/m22_content\/uploads\/2019\/06\/slovaktual-logo-1024x462.jpg 1024w, https:\/\/oknarener.sk\/m22_content\/uploads\/2019\/06\/slovaktual-logo-300x135.jpg 300w, https:\/\/oknarener.sk\/m22_content\/uploads\/2019\/06\/slovaktual-logo-768x347.jpg 768w, https:\/\/oknarener.sk\/m22_content\/uploads\/2019\/06\/slovaktual-logo-800x361.jpg 800w, https:\/\/oknarener.sk\/m22_content\/uploads\/2019\/06\/slovaktual-logo.jpg 1218w, https:\/\/oknarener.sk\/m22_content\/uploads\/2019\/06\/slovaktual-logo-970x438.jpg 970w\" sizes=\"(max-width: 800px) 100vw, 800px\" \/>\t\t\t\t\t\t\t\t\t\t\t\t\t\t\t<\/div>\n\t\t\t\t<\/div>\n\t\t\t\t\t<\/div>\n\t\t<\/div>\n\t\t\t\t<div class=\"elementor-column elementor-col-50 elementor-inner-column elementor-element elementor-element-7581c750\" data-id=\"7581c750\" data-element_type=\"column\">\n\t\t\t<div class=\"elementor-widget-wrap elementor-element-populated\">\n\t\t\t\t\t\t\t\t<div class=\"elementor-element elementor-element-1af2adfc elementor-widget elementor-widget-image\" data-id=\"1af2adfc\" data-element_type=\"widget\" data-widget_type=\"image.default\">\n\t\t\t\t<div class=\"elementor-widget-container\">\n\t\t\t\t\t\t\t\t\t\t\t\t\t\t\t<img decoding=\"async\" width=\"800\" height=\"600\" src=\"\/m22_content\/uploads\/2019\/05\/800x600_IMG_1763.jpg\" class=\"attachment-large size-large wp-image-794\" alt=\"\" loading=\"lazy\" srcset=\"https:\/\/oknarener.sk\/m22_content\/uploads\/2019\/05\/800x600_IMG_1763.jpg 800w, https:\/\/oknarener.sk\/m22_content\/uploads\/2019\/05\/800x600_IMG_1763-300x225.jpg 300w, https:\/\/oknarener.sk\/m22_content\/uploads\/2019\/05\/800x600_IMG_1763-768x576.jpg 768w, https:\/\/oknarener.sk\/m22_content\/uploads\/2019\/05\/800x600_IMG_1763-600x450.jpg 600w, https:\/\/oknarener.sk\/m22_content\/uploads\/2019\/05\/800x600_IMG_1763-733x550.jpg 733w\" sizes=\"(max-width: 800px) 100vw, 800px\" \/>\t\t\t\t\t\t\t\t\t\t\t\t\t\t\t<\/div>\n\t\t\t\t<\/div>\n\t\t\t\t\t<\/div>\n\t\t<\/div>\n\t\t\t\t\t\t\t<\/div>\n\t\t<\/section>\n\t\t\t\t<section class=\"elementor-section elementor-inner-section elementor-element elementor-element-6af5b47e elementor-section-boxed elementor-section-height-default elementor-section-height-default\" data-id=\"6af5b47e\" data-element_type=\"section\" data-settings=\"{&quot;background_background&quot;:&quot;classic&quot;}\">\n\t\t\t\t\t\t<div class=\"elementor-container elementor-column-gap-wider\">\n\t\t\t\t\t<div class=\"elementor-column elementor-col-50 elementor-inner-column elementor-element elementor-element-45e24a9d\" data-id=\"45e24a9d\" data-element_type=\"column\">\n\t\t\t<div class=\"elementor-widget-wrap elementor-element-populated\">\n\t\t\t\t\t\t\t\t<div class=\"elementor-element elementor-element-46aa67d2 elementor-widget elementor-widget-image\" data-id=\"46aa67d2\" data-element_type=\"widget\" data-widget_type=\"image.default\">\n\t\t\t\t<div class=\"elementor-widget-container\">\n\t\t\t\t\t\t\t\t\t\t\t\t\t\t\t<img decoding=\"async\" width=\"800\" height=\"600\" src=\"\/m22_content\/uploads\/2019\/05\/800x600_P3040202.jpg\" class=\"attachment-large size-large wp-image-796\" alt=\"\" loading=\"lazy\" srcset=\"https:\/\/oknarener.sk\/m22_content\/uploads\/2019\/05\/800x600_P3040202.jpg 800w, https:\/\/oknarener.sk\/m22_content\/uploads\/2019\/05\/800x600_P3040202-300x225.jpg 300w, https:\/\/oknarener.sk\/m22_content\/uploads\/2019\/05\/800x600_P3040202-768x576.jpg 768w, https:\/\/oknarener.sk\/m22_content\/uploads\/2019\/05\/800x600_P3040202-600x450.jpg 600w, https:\/\/oknarener.sk\/m22_content\/uploads\/2019\/05\/800x600_P3040202-733x550.jpg 733w\" sizes=\"(max-width: 800px) 100vw, 800px\" \/>\t\t\t\t\t\t\t\t\t\t\t\t\t\t\t<\/div>\n\t\t\t\t<\/div>\n\t\t\t\t\t<\/div>\n\t\t<\/div>\n\t\t\t\t<div class=\"elementor-column elementor-col-50 elementor-inner-column elementor-element elementor-element-76a269e3\" data-id=\"76a269e3\" data-element_type=\"column\">\n\t\t\t<div class=\"elementor-widget-wrap elementor-element-populated\">\n\t\t\t\t\t\t\t\t<div class=\"elementor-element elementor-element-51397c8 elementor-widget elementor-widget-text-editor\" data-id=\"51397c8\" data-element_type=\"widget\" data-widget_type=\"text-editor.default\">\n\t\t\t\t<div class=\"elementor-widget-container\">\n\t\t\t\t\t\t\t<p>Csal\u00e1di v\u00e1llalkoz\u00e1s vagyunk. Tudjuk, hogy a megfelel\u0151 ablakok helyes megv\u00e1laszt\u00e1sa id\u0151t \u00e9s t\u00fcrelmet ig\u00e9nyel, \u00edgy minden \u00fcgyfel\u00fcnkh\u00f6z egy\u00e9nileg k\u00f6zel\u00edt\u00fcnk, meg\u00e9rtj\u00fck az ig\u00e9nyeiket, \u00e9s csak a legjobb megold\u00e1st javasoljuk \u2013 min\u0151s\u00e9g \u00e9s \u00e1r szempontj\u00e1b\u00f3l.<\/p><p>Az ablakok \u00e9s ajt\u00f3k mellett k\u00fcls\u0151 \u00e9s bels\u0151 \u00e1rny\u00e9kol\u00e1si technol\u00f3gi\u00e1k, sz\u00fanyogh\u00e1l\u00f3k, bels\u0151 ajt\u00f3k \u00e9s gar\u00e1zskapuk sz\u00e1ll\u00edt\u00e1s\u00e1t \u00e9s szerel\u00e9s\u00e9t is k\u00edn\u00e1ljuk. \u00c1tfog\u00f3 szolg\u00e1ltat\u00e1sokat k\u00edn\u00e1lunk \u2013 az \u00e9p\u00fcletny\u00edl\u00e1sok el\u0151k\u00e9sz\u00edt\u00e9se, az ablakok \u00e9s ajt\u00f3k kiszerel\u00e9se, az ablakok beszerel\u00e9se a szlov\u00e1k m\u0171szaki szabv\u00e1ny szerint, kisebb \u00e9s nagyobb k\u0151m\u0171ves munk\u00e1k.<\/p><p>Sz\u00edvesen v\u00e1rjuk \u00d6n\u00f6ket mintaboltjainkban.<\/p>\t\t\t\t\t\t<\/div>\n\t\t\t\t<\/div>\n\t\t\t\t<div class=\"elementor-element elementor-element-19805a0c elementor-widget elementor-widget-button\" data-id=\"19805a0c\" data-element_type=\"widget\" data-widget_type=\"button.default\">\n\t\t\t\t<div class=\"elementor-widget-container\">\n\t\t\t\t\t<div class=\"elementor-button-wrapper\">\n\t\t\t<a class=\"elementor-button elementor-button-link elementor-size-sm\" href=\"\/hu\/kontakt\">\n\t\t\t\t\t\t<span class=\"elementor-button-content-wrapper\">\n\t\t\t\t\t\t<span class=\"elementor-button-text\">\u00cdrjon nek\u00fcnk<\/span>\n\t\t<\/span>\n\t\t\t\t\t<\/a>\n\t\t<\/div>\n\t\t\t\t<\/div>\n\t\t\t\t<\/div>\n\t\t\t\t\t<\/div>\n\t\t<\/div>\n\t\t\t\t\t\t\t<\/div>\n\t\t<\/section>\n\t\t\t\t\t<\/div>\n\t\t<\/div>\n\t\t\t\t\t\t\t<\/div>\n\t\t<\/section>\n\t\t\t\t\t\t\t<\/div>\n\t\t","protected":false},"excerpt":{"rendered":"<p>C\u00e9g\u00fcnk 2009 \u00f3ta m\u0171k\u00f6dik az ablakpiacon. Szlov\u00e1kia legnagyobb ablak- \u00e9s ajt\u00f3gy\u00e1rt\u00f3j\u00e1nak, a Slovaktual Kft.-nek a kiz\u00e1r\u00f3lagos besz\u00e1ll\u00edt\u00f3ja vagyunk. Jelenleg term\u00e9keink az ablakok \u00e9s ajt\u00f3k teljes piac\u00e1t lefedik, a legolcs\u00f3bb m\u0171anyag &#8230;<\/p>\n","protected":false},"author":1,"featured_media":0,"parent":0,"menu_order":0,"comment_status":"closed","ping_status":"closed","template":"elementor_header_footer","meta":[],"tags":[],"acf":[],"_links":{"self":[{"href":"https:\/\/oknarener.sk\/hu\/wp-json\/wp\/v2\/pages\/1287"}],"collection":[{"href":"https:\/\/oknarener.sk\/hu\/wp-json\/wp\/v2\/pages"}],"about":[{"href":"https:\/\/oknarener.sk\/hu\/wp-json\/wp\/v2\/types\/page"}],"author":[{"embeddable":true,"href":"https:\/\/oknarener.sk\/hu\/wp-json\/wp\/v2\/users\/1"}],"replies":[{"embeddable":true,"href":"https:\/\/oknarener.sk\/hu\/wp-json\/wp\/v2\/comments?post=1287"}],"version-history":[{"count":0,"href":"https:\/\/oknarener.sk\/hu\/wp-json\/wp\/v2\/pages\/1287\/revisions"}],"wp:attachment":[{"href":"https:\/\/oknarener.sk\/hu\/wp-json\/wp\/v2\/media?parent=1287"}],"wp:term":[{"taxonomy":"post_tag","embeddable":true,"href":"https:\/\/oknarener.sk\/hu\/wp-json\/wp\/v2\/tags?post=1287"}],"curies":[{"name":"wp","href":"https:\/\/api.w.org\/{rel}","templated":true}]}}