{"id":1301,"date":"2019-06-10T07:04:59","date_gmt":"2019-06-10T07:04:59","guid":{"rendered":"https:\/\/oknarener.sk\/?page_id=1301"},"modified":"2019-11-05T13:15:45","modified_gmt":"2019-11-05T13:15:45","slug":"referenciak","status":"publish","type":"page","link":"https:\/\/oknarener.sk\/hu\/referenciak\/","title":{"rendered":"Referenci\u00e1k"},"content":{"rendered":"\t\t<div data-elementor-type=\"wp-post\" data-elementor-id=\"1301\" class=\"elementor elementor-1301 elementor-834\" data-elementor-post-type=\"page\">\n\t\t\t\t\t\t\t\t\t<section class=\"elementor-section elementor-top-section elementor-element elementor-element-bcec1c elementor-section-boxed elementor-section-height-default elementor-section-height-default\" data-id=\"bcec1c\" data-element_type=\"section\" data-settings=\"{&quot;background_background&quot;:&quot;classic&quot;}\">\n\t\t\t\t\t\t<div class=\"elementor-container elementor-column-gap-no\">\n\t\t\t\t\t<div class=\"elementor-column elementor-col-100 elementor-top-column elementor-element elementor-element-66aca693\" data-id=\"66aca693\" data-element_type=\"column\">\n\t\t\t<div class=\"elementor-widget-wrap elementor-element-populated\">\n\t\t\t\t\t\t\t\t<div class=\"elementor-element elementor-element-63d1245a elementor-widget elementor-widget-shortcode\" data-id=\"63d1245a\" data-element_type=\"widget\" data-widget_type=\"shortcode.default\">\n\t\t\t\t<div class=\"elementor-widget-container\">\n\t\t\t\t\t<div class=\"elementor-shortcode\"><ul class=\"breads\"><li><a href=\"https:\/\/oknarener.sk\/hu\/\" title=\"F\u0151oldal\">F\u0151oldal<\/a><\/li><li><a href=\"https:\/\/oknarener.sk\/hu\/referenciak\/\" title=\"Referenci\u00e1k\">Referenci\u00e1k<\/a><\/li><\/ul><\/div>\n\t\t\t\t<\/div>\n\t\t\t\t<\/div>\n\t\t\t\t\t<\/div>\n\t\t<\/div>\n\t\t\t\t\t\t\t<\/div>\n\t\t<\/section>\n\t\t\t\t<section class=\"elementor-section elementor-top-section elementor-element elementor-element-2b4d2a81 elementor-section-boxed elementor-section-height-default elementor-section-height-default\" data-id=\"2b4d2a81\" data-element_type=\"section\">\n\t\t\t\t\t\t<div class=\"elementor-container elementor-column-gap-no\">\n\t\t\t\t\t<div class=\"elementor-column elementor-col-100 elementor-top-column elementor-element elementor-element-30994664\" data-id=\"30994664\" data-element_type=\"column\">\n\t\t\t<div class=\"elementor-widget-wrap elementor-element-populated\">\n\t\t\t\t\t\t\t\t<div class=\"elementor-element elementor-element-4911999b title-decor elementor-widget elementor-widget-heading\" data-id=\"4911999b\" data-element_type=\"widget\" data-widget_type=\"heading.default\">\n\t\t\t\t<div class=\"elementor-widget-container\">\n\t\t\t<style>\/*! elementor - v3.14.0 - 26-06-2023 *\/\n.elementor-heading-title{padding:0;margin:0;line-height:1}.elementor-widget-heading .elementor-heading-title[class*=elementor-size-]>a{color:inherit;font-size:inherit;line-height:inherit}.elementor-widget-heading .elementor-heading-title.elementor-size-small{font-size:15px}.elementor-widget-heading .elementor-heading-title.elementor-size-medium{font-size:19px}.elementor-widget-heading .elementor-heading-title.elementor-size-large{font-size:29px}.elementor-widget-heading .elementor-heading-title.elementor-size-xl{font-size:39px}.elementor-widget-heading .elementor-heading-title.elementor-size-xxl{font-size:59px}<\/style><h2 class=\"elementor-heading-title elementor-size-default\">Referenci\u00e1k<\/h2>\t\t<\/div>\n\t\t\t\t<\/div>\n\t\t\t\t\t<\/div>\n\t\t<\/div>\n\t\t\t\t\t\t\t<\/div>\n\t\t<\/section>\n\t\t\t\t<section class=\"elementor-section elementor-top-section elementor-element elementor-element-71461492 elementor-section-boxed elementor-section-height-default elementor-section-height-default\" data-id=\"71461492\" data-element_type=\"section\" data-settings=\"{&quot;background_background&quot;:&quot;classic&quot;}\">\n\t\t\t\t\t\t<div class=\"elementor-container elementor-column-gap-wider\">\n\t\t\t\t\t<div class=\"elementor-column elementor-col-100 elementor-top-column elementor-element elementor-element-38618b3e\" data-id=\"38618b3e\" data-element_type=\"column\" data-settings=\"{&quot;background_background&quot;:&quot;classic&quot;}\">\n\t\t\t<div class=\"elementor-widget-wrap elementor-element-populated\">\n\t\t\t\t\t\t\t\t<div class=\"elementor-element elementor-element-41facd10 elementor-widget__width-initial elementor-widget elementor-widget-text-editor\" data-id=\"41facd10\" data-element_type=\"widget\" data-widget_type=\"text-editor.default\">\n\t\t\t\t<div class=\"elementor-widget-container\">\n\t\t\t<style>\/*! elementor - v3.14.0 - 26-06-2023 *\/\n.elementor-widget-text-editor.elementor-drop-cap-view-stacked .elementor-drop-cap{background-color:#69727d;color:#fff}.elementor-widget-text-editor.elementor-drop-cap-view-framed .elementor-drop-cap{color:#69727d;border:3px solid;background-color:transparent}.elementor-widget-text-editor:not(.elementor-drop-cap-view-default) .elementor-drop-cap{margin-top:8px}.elementor-widget-text-editor:not(.elementor-drop-cap-view-default) .elementor-drop-cap-letter{width:1em;height:1em}.elementor-widget-text-editor .elementor-drop-cap{float:left;text-align:center;line-height:1;font-size:50px}.elementor-widget-text-editor .elementor-drop-cap-letter{display:inline-block}<\/style>\t\t\t\t<p>Kiv\u00e1l\u00f3 min\u0151s\u00e9g\u0171 alapanyagok, korszer\u0171 megold\u00e1sok, modern gy\u00e1rt\u00e1si technol\u00f3gia \u00e9s egy profi csapat jellemez minket \u00e9s term\u00e9keinket.<br \/>A v\u00e9geredm\u00e9nyr\u0151l gy\u0151z\u0151dj\u00f6n meg saj\u00e1t szem\u00e9vel! Tekintsen bele munk\u00e1inkba!<\/p>\t\t\t\t\t\t<\/div>\n\t\t\t\t<\/div>\n\t\t\t\t<div class=\"elementor-element elementor-element-1d4d89f4 gallery-22 elementor-widget elementor-widget-image-gallery\" data-id=\"1d4d89f4\" data-element_type=\"widget\" data-widget_type=\"image-gallery.default\">\n\t\t\t\t<div class=\"elementor-widget-container\">\n\t\t\t<style>\/*! elementor - v3.14.0 - 26-06-2023 *\/\n.elementor-image-gallery .gallery-item{display:inline-block;text-align:center;vertical-align:top;width:100%;max-width:100%;margin:0 auto}.elementor-image-gallery .gallery-item img{margin:0 auto}.elementor-image-gallery .gallery-item .gallery-caption{margin:0}.elementor-image-gallery figure img{display:block}.elementor-image-gallery figure figcaption{width:100%}.gallery-spacing-custom .elementor-image-gallery .gallery-icon{padding:0}@media (min-width:768px){.elementor-image-gallery .gallery-columns-2 .gallery-item{max-width:50%}.elementor-image-gallery .gallery-columns-3 .gallery-item{max-width:33.33%}.elementor-image-gallery .gallery-columns-4 .gallery-item{max-width:25%}.elementor-image-gallery .gallery-columns-5 .gallery-item{max-width:20%}.elementor-image-gallery .gallery-columns-6 .gallery-item{max-width:16.666%}.elementor-image-gallery .gallery-columns-7 .gallery-item{max-width:14.28%}.elementor-image-gallery .gallery-columns-8 .gallery-item{max-width:12.5%}.elementor-image-gallery .gallery-columns-9 .gallery-item{max-width:11.11%}.elementor-image-gallery .gallery-columns-10 .gallery-item{max-width:10%}}@media (min-width:480px) and (max-width:767px){.elementor-image-gallery .gallery.gallery-columns-2 .gallery-item,.elementor-image-gallery .gallery.gallery-columns-3 .gallery-item,.elementor-image-gallery .gallery.gallery-columns-4 .gallery-item,.elementor-image-gallery .gallery.gallery-columns-5 .gallery-item,.elementor-image-gallery .gallery.gallery-columns-6 .gallery-item,.elementor-image-gallery .gallery.gallery-columns-7 .gallery-item,.elementor-image-gallery .gallery.gallery-columns-8 .gallery-item,.elementor-image-gallery .gallery.gallery-columns-9 .gallery-item,.elementor-image-gallery .gallery.gallery-columns-10 .gallery-item{max-width:50%}}@media (max-width:479px){.elementor-image-gallery .gallery.gallery-columns-2 .gallery-item,.elementor-image-gallery .gallery.gallery-columns-3 .gallery-item,.elementor-image-gallery .gallery.gallery-columns-4 .gallery-item,.elementor-image-gallery .gallery.gallery-columns-5 .gallery-item,.elementor-image-gallery .gallery.gallery-columns-6 .gallery-item,.elementor-image-gallery .gallery.gallery-columns-7 .gallery-item,.elementor-image-gallery .gallery.gallery-columns-8 .gallery-item,.elementor-image-gallery .gallery.gallery-columns-9 .gallery-item,.elementor-image-gallery .gallery.gallery-columns-10 .gallery-item{max-width:100%}}<\/style>\t\t<div class=\"elementor-image-gallery\">\n\t\t\t<div id='gallery-1' class='gallery galleryid-1301 gallery-columns-3 gallery-size-featured-gallery'><figure class='gallery-item'>\n\t\t\t<div class='gallery-icon landscape'>\n\t\t\t\t<a data-elementor-open-lightbox=\"yes\" data-elementor-lightbox-slideshow=\"1d4d89f4\" data-elementor-lightbox-title=\"1B9A4792-copy_MN_2-800x533\" data-e-action-hash=\"#elementor-action%3Aaction%3Dlightbox%26settings%3DeyJpZCI6MTQwMywidXJsIjoiXC93cC1jb250ZW50XC91cGxvYWRzXC8yMDE5XC8xMVwvMUI5QTQ3OTItY29weV9NTl8yLTgwMHg1MzMuanBnIiwic2xpZGVzaG93IjoiMWQ0ZDg5ZjQifQ%3D%3D\" href='\/wp-content\/uploads\/2019\/11\/1B9A4792-copy_MN_2-800x533.jpg'><img width=\"400\" height=\"300\" src=\"\/m22_content\/uploads\/2019\/11\/1B9A4792-copy_MN_2-800x533-400x300.jpg\" class=\"attachment-featured-gallery size-featured-gallery\" alt=\"\" decoding=\"async\" loading=\"lazy\" \/><\/a>\n\t\t\t<\/div><\/figure><figure class='gallery-item'>\n\t\t\t<div class='gallery-icon landscape'>\n\t\t\t\t<a data-elementor-open-lightbox=\"yes\" data-elementor-lightbox-slideshow=\"1d4d89f4\" data-elementor-lightbox-title=\"1B9A4751-copy_MN_2-800x533\" data-e-action-hash=\"#elementor-action%3Aaction%3Dlightbox%26settings%3DeyJpZCI6MTM5NywidXJsIjoiXC93cC1jb250ZW50XC91cGxvYWRzXC8yMDE5XC8xMVwvMUI5QTQ3NTEtY29weV9NTl8yLTgwMHg1MzMuanBnIiwic2xpZGVzaG93IjoiMWQ0ZDg5ZjQifQ%3D%3D\" href='\/wp-content\/uploads\/2019\/11\/1B9A4751-copy_MN_2-800x533.jpg'><img width=\"400\" height=\"300\" src=\"\/m22_content\/uploads\/2019\/11\/1B9A4751-copy_MN_2-800x533-400x300.jpg\" class=\"attachment-featured-gallery size-featured-gallery\" alt=\"\" decoding=\"async\" loading=\"lazy\" \/><\/a>\n\t\t\t<\/div><\/figure><figure class='gallery-item'>\n\t\t\t<div class='gallery-icon landscape'>\n\t\t\t\t<a data-elementor-open-lightbox=\"yes\" data-elementor-lightbox-slideshow=\"1d4d89f4\" data-elementor-lightbox-title=\"1B9A4732-copy_MN_2-800x533\" data-e-action-hash=\"#elementor-action%3Aaction%3Dlightbox%26settings%3DeyJpZCI6MTM5NSwidXJsIjoiXC93cC1jb250ZW50XC91cGxvYWRzXC8yMDE5XC8xMVwvMUI5QTQ3MzItY29weV9NTl8yLTgwMHg1MzMuanBnIiwic2xpZGVzaG93IjoiMWQ0ZDg5ZjQifQ%3D%3D\" href='\/wp-content\/uploads\/2019\/11\/1B9A4732-copy_MN_2-800x533.jpg'><img width=\"400\" height=\"300\" src=\"\/m22_content\/uploads\/2019\/11\/1B9A4732-copy_MN_2-800x533-400x300.jpg\" class=\"attachment-featured-gallery size-featured-gallery\" alt=\"\" decoding=\"async\" loading=\"lazy\" \/><\/a>\n\t\t\t<\/div><\/figure><figure class='gallery-item'>\n\t\t\t<div class='gallery-icon landscape'>\n\t\t\t\t<a data-elementor-open-lightbox=\"yes\" data-elementor-lightbox-slideshow=\"1d4d89f4\" data-elementor-lightbox-title=\"1963062282\" data-e-action-hash=\"#elementor-action%3Aaction%3Dlightbox%26settings%3DeyJpZCI6ODM4LCJ1cmwiOiJcL3dwLWNvbnRlbnRcL3VwbG9hZHNcLzIwMTlcLzA1XC8xOTYzMDYyMjgyLmpwZyIsInNsaWRlc2hvdyI6IjFkNGQ4OWY0In0%3D\" href='\/wp-content\/uploads\/2019\/05\/1963062282.jpg'><img width=\"400\" height=\"250\" src=\"\/m22_content\/uploads\/2019\/05\/1963062282-400x250.jpg\" class=\"attachment-featured-gallery size-featured-gallery\" alt=\"\" decoding=\"async\" loading=\"lazy\" srcset=\"https:\/\/oknarener.sk\/m22_content\/uploads\/2019\/05\/1963062282-400x250.jpg 400w, https:\/\/oknarener.sk\/m22_content\/uploads\/2019\/05\/1963062282-480x300.jpg 480w\" sizes=\"(max-width: 400px) 100vw, 400px\" \/><\/a>\n\t\t\t<\/div><\/figure><figure class='gallery-item'>\n\t\t\t<div class='gallery-icon landscape'>\n\t\t\t\t<a data-elementor-open-lightbox=\"yes\" data-elementor-lightbox-slideshow=\"1d4d89f4\" data-elementor-lightbox-title=\"2887902886\" data-e-action-hash=\"#elementor-action%3Aaction%3Dlightbox%26settings%3DeyJpZCI6ODQwLCJ1cmwiOiJcL3dwLWNvbnRlbnRcL3VwbG9hZHNcLzIwMTlcLzA1XC8yODg3OTAyODg2LmpwZyIsInNsaWRlc2hvdyI6IjFkNGQ4OWY0In0%3D\" href='\/wp-content\/uploads\/2019\/05\/2887902886.jpg'><img width=\"400\" height=\"250\" src=\"\/m22_content\/uploads\/2019\/05\/2887902886-400x250.jpg\" class=\"attachment-featured-gallery size-featured-gallery\" alt=\"\" decoding=\"async\" loading=\"lazy\" srcset=\"https:\/\/oknarener.sk\/m22_content\/uploads\/2019\/05\/2887902886-400x250.jpg 400w, https:\/\/oknarener.sk\/m22_content\/uploads\/2019\/05\/2887902886-480x300.jpg 480w, https:\/\/oknarener.sk\/m22_content\/uploads\/2019\/05\/2887902886-640x400.jpg 640w\" sizes=\"(max-width: 400px) 100vw, 400px\" \/><\/a>\n\t\t\t<\/div><\/figure><figure class='gallery-item'>\n\t\t\t<div class='gallery-icon landscape'>\n\t\t\t\t<a data-elementor-open-lightbox=\"yes\" data-elementor-lightbox-slideshow=\"1d4d89f4\" data-elementor-lightbox-title=\"3115054228\" data-e-action-hash=\"#elementor-action%3Aaction%3Dlightbox%26settings%3DeyJpZCI6ODQyLCJ1cmwiOiJcL3dwLWNvbnRlbnRcL3VwbG9hZHNcLzIwMTlcLzA1XC8zMTE1MDU0MjI4LmpwZyIsInNsaWRlc2hvdyI6IjFkNGQ4OWY0In0%3D\" href='\/wp-content\/uploads\/2019\/05\/3115054228.jpg'><img width=\"400\" height=\"250\" src=\"\/m22_content\/uploads\/2019\/05\/3115054228-400x250.jpg\" class=\"attachment-featured-gallery size-featured-gallery\" alt=\"\" decoding=\"async\" loading=\"lazy\" srcset=\"https:\/\/oknarener.sk\/m22_content\/uploads\/2019\/05\/3115054228-400x250.jpg 400w, https:\/\/oknarener.sk\/m22_content\/uploads\/2019\/05\/3115054228-480x300.jpg 480w, https:\/\/oknarener.sk\/m22_content\/uploads\/2019\/05\/3115054228-640x400.jpg 640w\" sizes=\"(max-width: 400px) 100vw, 400px\" \/><\/a>\n\t\t\t<\/div><\/figure><figure class='gallery-item'>\n\t\t\t<div class='gallery-icon landscape'>\n\t\t\t\t<a data-elementor-open-lightbox=\"yes\" data-elementor-lightbox-slideshow=\"1d4d89f4\" data-elementor-lightbox-title=\"4048288496\" data-e-action-hash=\"#elementor-action%3Aaction%3Dlightbox%26settings%3DeyJpZCI6ODQ0LCJ1cmwiOiJcL3dwLWNvbnRlbnRcL3VwbG9hZHNcLzIwMTlcLzA1XC80MDQ4Mjg4NDk2LmpwZyIsInNsaWRlc2hvdyI6IjFkNGQ4OWY0In0%3D\" href='\/wp-content\/uploads\/2019\/05\/4048288496.jpg'><img width=\"400\" height=\"250\" src=\"\/m22_content\/uploads\/2019\/05\/4048288496-400x250.jpg\" class=\"attachment-featured-gallery size-featured-gallery\" alt=\"\" decoding=\"async\" loading=\"lazy\" srcset=\"https:\/\/oknarener.sk\/m22_content\/uploads\/2019\/05\/4048288496-400x250.jpg 400w, https:\/\/oknarener.sk\/m22_content\/uploads\/2019\/05\/4048288496-480x300.jpg 480w, https:\/\/oknarener.sk\/m22_content\/uploads\/2019\/05\/4048288496-640x400.jpg 640w\" sizes=\"(max-width: 400px) 100vw, 400px\" \/><\/a>\n\t\t\t<\/div><\/figure><figure class='gallery-item'>\n\t\t\t<div class='gallery-icon landscape'>\n\t\t\t\t<a data-elementor-open-lightbox=\"yes\" data-elementor-lightbox-slideshow=\"1d4d89f4\" data-elementor-lightbox-title=\"4220449769\" data-e-action-hash=\"#elementor-action%3Aaction%3Dlightbox%26settings%3DeyJpZCI6ODQ2LCJ1cmwiOiJcL3dwLWNvbnRlbnRcL3VwbG9hZHNcLzIwMTlcLzA1XC80MjIwNDQ5NzY5LmpwZyIsInNsaWRlc2hvdyI6IjFkNGQ4OWY0In0%3D\" href='\/wp-content\/uploads\/2019\/05\/4220449769.jpg'><img width=\"400\" height=\"250\" src=\"\/m22_content\/uploads\/2019\/05\/4220449769-400x250.jpg\" class=\"attachment-featured-gallery size-featured-gallery\" alt=\"\" decoding=\"async\" loading=\"lazy\" srcset=\"https:\/\/oknarener.sk\/m22_content\/uploads\/2019\/05\/4220449769-400x250.jpg 400w, https:\/\/oknarener.sk\/m22_content\/uploads\/2019\/05\/4220449769-480x300.jpg 480w, https:\/\/oknarener.sk\/m22_content\/uploads\/2019\/05\/4220449769-640x400.jpg 640w\" sizes=\"(max-width: 400px) 100vw, 400px\" \/><\/a>\n\t\t\t<\/div><\/figure><figure class='gallery-item'>\n\t\t\t<div class='gallery-icon landscape'>\n\t\t\t\t<a data-elementor-open-lightbox=\"yes\" data-elementor-lightbox-slideshow=\"1d4d89f4\" data-elementor-lightbox-title=\"925168503\" data-e-action-hash=\"#elementor-action%3Aaction%3Dlightbox%26settings%3DeyJpZCI6ODM2LCJ1cmwiOiJcL3dwLWNvbnRlbnRcL3VwbG9hZHNcLzIwMTlcLzA1XC85MjUxNjg1MDMuanBnIiwic2xpZGVzaG93IjoiMWQ0ZDg5ZjQifQ%3D%3D\" href='\/wp-content\/uploads\/2019\/05\/925168503.jpg'><img width=\"400\" height=\"250\" src=\"\/m22_content\/uploads\/2019\/05\/925168503-400x250.jpg\" class=\"attachment-featured-gallery size-featured-gallery\" alt=\"\" decoding=\"async\" loading=\"lazy\" srcset=\"https:\/\/oknarener.sk\/m22_content\/uploads\/2019\/05\/925168503-400x250.jpg 400w, https:\/\/oknarener.sk\/m22_content\/uploads\/2019\/05\/925168503-480x300.jpg 480w, https:\/\/oknarener.sk\/m22_content\/uploads\/2019\/05\/925168503-640x400.jpg 640w\" sizes=\"(max-width: 400px) 100vw, 400px\" \/><\/a>\n\t\t\t<\/div><\/figure>\n\t\t<\/div>\n\t\t<\/div>\n\t\t\t\t<\/div>\n\t\t\t\t<\/div>\n\t\t\t\t\t<\/div>\n\t\t<\/div>\n\t\t\t\t\t\t\t<\/div>\n\t\t<\/section>\n\t\t\t\t\t\t\t<\/div>\n\t\t","protected":false},"excerpt":{"rendered":"<p>Kiv\u00e1l\u00f3 min\u0151s\u00e9g\u0171 alapanyagok, korszer\u0171 megold\u00e1sok, modern gy\u00e1rt\u00e1si technol\u00f3gia \u00e9s egy profi csapat jellemez minket \u00e9s term\u00e9keinket.A v\u00e9geredm\u00e9nyr\u0151l gy\u0151z\u0151dj\u00f6n meg saj\u00e1t szem\u00e9vel! Tekintsen bele munk\u00e1inkba!<\/p>\n","protected":false},"author":1,"featured_media":0,"parent":0,"menu_order":0,"comment_status":"closed","ping_status":"closed","template":"elementor_header_footer","meta":[],"tags":[],"acf":[],"_links":{"self":[{"href":"https:\/\/oknarener.sk\/hu\/wp-json\/wp\/v2\/pages\/1301"}],"collection":[{"href":"https:\/\/oknarener.sk\/hu\/wp-json\/wp\/v2\/pages"}],"about":[{"href":"https:\/\/oknarener.sk\/hu\/wp-json\/wp\/v2\/types\/page"}],"author":[{"embeddable":true,"href":"https:\/\/oknarener.sk\/hu\/wp-json\/wp\/v2\/users\/1"}],"replies":[{"embeddable":true,"href":"https:\/\/oknarener.sk\/hu\/wp-json\/wp\/v2\/comments?post=1301"}],"version-history":[{"count":0,"href":"https:\/\/oknarener.sk\/hu\/wp-json\/wp\/v2\/pages\/1301\/revisions"}],"wp:attachment":[{"href":"https:\/\/oknarener.sk\/hu\/wp-json\/wp\/v2\/media?parent=1301"}],"wp:term":[{"taxonomy":"post_tag","embeddable":true,"href":"https:\/\/oknarener.sk\/hu\/wp-json\/wp\/v2\/tags?post=1301"}],"curies":[{"name":"wp","href":"https:\/\/api.w.org\/{rel}","templated":true}]}}