{"id":1015,"date":"2019-05-09T06:51:17","date_gmt":"2019-05-09T06:51:17","guid":{"rendered":"http:\/\/oknarener.22media.sk\/produkty\/laminovacie-folie\/"},"modified":"2019-06-12T13:35:32","modified_gmt":"2019-06-12T13:35:32","slug":"laminalo-foliak","status":"publish","type":"product","link":"https:\/\/oknarener.sk\/hu\/produkty\/laminalo-foliak\/","title":{"rendered":"Lamin\u00e1l\u00f3 f\u00f3li\u00e1k"},"content":{"rendered":"\n<h3 class=\"wp-block-heading\" style=\"text-align:center\"><strong>A lamin\u00e1l\u00f3 f\u00f3li\u00e1k sz\u00edne \u00e9s dekorja<\/strong><\/h3>\n\n\n\n<div class=\"wp-block-columns has-2-columns is-layout-flex wp-container-3\">\n<div class=\"wp-block-column is-layout-flow\">\n<div class=\"wp-block-image\"><figure class=\"alignleft\"><img decoding=\"async\" loading=\"lazy\" width=\"216\" height=\"300\" src=\"\/m22_content\/uploads\/2019\/05\/8000_HL_lamino_golden_oak_png_maly-216x300-1.png\" alt=\"\" class=\"wp-image-640\"\/><\/figure><\/div>\n<\/div>\n\n\n\n<div class=\"wp-block-column is-layout-flow\">\n<p><br><br><\/p>\n\n\n\n<ul><li>Az ablakf\u00f3li\u00e1k nem csak a h\u00e1z homlokzat\u00e1val, de a bej\u00e1rati ajt\u00f3val vagy\ngar\u00e1zskapuval is \u00f6ssze tudja hangolni az ablakokat.<\/li><li>A k\u00fcls\u0151 oldalr\u00f3l v\u00e9di az ablakot az id\u0151j\u00e1r\u00e1s \u00e9s az UV-sug\u00e1rz\u00e1s ellen.\nN\u00f6veli az ablakok tart\u00f3ss\u00e1g\u00e1t \u00e9s meghosszabb\u00edtja az \u00e9lettartamukat.<\/li><\/ul>\n\n\n\n<ul><li><\/li><\/ul>\n<\/div>\n<\/div>\n\n\n\n<div class=\"wp-block-columns has-2-columns is-layout-flex wp-container-6\">\n<div class=\"wp-block-column is-layout-flow\">\n<p><br><\/p>\n\n\n\n<ul><li><\/li><\/ul>\n\n\n\n<ul><li>A belt\u00e9r fel\u0151l az \u00e1ltal\u00e1nos, praktikus feh\u00e9r diz\u00e1jn v\u00e1lt be, de itt sem\nkell korl\u00e1toznia mag\u00e1t.<\/li><li>A Slovaktualn\u00e1l rengeteg sz\u00edn, strukt\u00fara, dekor lamin\u00e1l\u00f3 f\u00f3lia &#8211; fa \u00e9s\nalum\u00ednium ut\u00e1nzat van v\u00e1laszt\u00e9kban. El\u00e9g csak v\u00e1lasztani bel\u0151l\u00fck.<\/li><\/ul>\n\n\n\n<p>A sz\u00ednvisszaad\u00e1s torzulhat a monitor be\u00e1ll\u00edt\u00e1s\u00e1val, a lamin\u00e1l\u00e1shoz \u00e9s a RAL sz\u00ednekhez tartoz\u00f3 mint\u00e1k a Slovaktual szlov\u00e1kiai mintaboltjaiban a rendelkez\u00e9sre \u00e1llnak.<\/p>\n<\/div>\n\n\n\n<div class=\"wp-block-column is-layout-flow\">\n<div class=\"wp-block-image\"><figure class=\"alignright\"><img decoding=\"async\" loading=\"lazy\" width=\"216\" height=\"300\" src=\"\/m22_content\/uploads\/2019\/05\/8000_HL_lamino_nussbaum_png_maly-216x300-1.png\" alt=\"\" class=\"wp-image-642\"\/><\/figure><\/div>\n<\/div>\n<\/div>\n\n\n\n<h2 class=\"wp-block-heading\" style=\"text-align:center\"><br><br><strong>Ablakok \u00e9s ajt\u00f3k legn\u00e9pszer\u0171bb lamin\u00e1l\u00e1sa<\/strong><br><br><\/h2>\n\n\n\n<h3 class=\"wp-block-heading\" style=\"text-align:center\"><strong>1\/A csoport<\/strong><\/h3>\n\n\n\n<hr class=\"wp-block-separator is-style-wide\"\/>\n\n\n\n<div class=\"wp-block-columns has-2-columns is-layout-flex wp-container-9\">\n<div class=\"wp-block-column is-layout-flow\">\n<div class=\"wp-block-image\"><figure class=\"aligncenter\"><img decoding=\"async\" loading=\"lazy\" width=\"300\" height=\"300\" src=\"\/m22_content\/uploads\/2019\/05\/F_antracit_F4367003-300x300.jpg\" alt=\"\" class=\"wp-image-657\"\/><figcaption><strong>Sima antracit F436-7003<\/strong><\/figcaption><\/figure><\/div>\n\n\n\n<div class=\"wp-block-image\"><figure class=\"aligncenter\"><img decoding=\"async\" loading=\"lazy\" width=\"300\" height=\"300\" src=\"\/m22_content\/uploads\/2019\/05\/F_Zlat\u00fd-dub_2178001-167-300x300.jpg\" alt=\"\" class=\"wp-image-648\"\/><figcaption> <br><strong>Arany t\u00f6lgy 2178001-167<\/strong><\/figcaption><\/figure><\/div>\n\n\n\n<p><\/p>\n<\/div>\n\n\n\n<div class=\"wp-block-column is-layout-flow\">\n<div class=\"wp-block-image\"><figure class=\"aligncenter\"><img decoding=\"async\" loading=\"lazy\" width=\"300\" height=\"300\" src=\"\/m22_content\/uploads\/2019\/05\/F_Nussbaum-2178007-167-300x300.jpg\" alt=\"\" class=\"wp-image-646\"\/><figcaption><strong>Nussbaum 2178007-167 (Di\u00f3)<\/strong><\/figcaption><\/figure><\/div>\n<\/div>\n<\/div>\n\n\n\n<h3 class=\"wp-block-heading\" style=\"text-align:center\"><strong>1\/B csoport<\/strong><\/h3>\n\n\n\n<hr class=\"wp-block-separator is-style-wide\"\/>\n\n\n\n<div class=\"wp-block-columns has-2-columns is-layout-flex wp-container-12\">\n<div class=\"wp-block-column is-layout-flow\">\n<div class=\"wp-block-image\"><figure class=\"aligncenter\"><img decoding=\"async\" loading=\"lazy\" width=\"300\" height=\"300\" src=\"\/m22_content\/uploads\/2019\/05\/F_antracit_701605-167-300x300.jpg\" alt=\"\" class=\"wp-image-644\"\/><figcaption><strong>Bord\u00e1s antracit  701605-167 <\/strong><\/figcaption><\/figure><\/div>\n\n\n\n<p><\/p>\n<\/div>\n\n\n\n<div class=\"wp-block-column is-layout-flow\">\n<div class=\"wp-block-image\"><figure class=\"aligncenter\"><img decoding=\"async\" loading=\"lazy\" width=\"300\" height=\"300\" src=\"\/m22_content\/uploads\/2019\/05\/F_Eiche-dunkel-2052089-167-300x300.jpg\" alt=\"\" class=\"wp-image-659\"\/><figcaption><strong>S\u00f6t\u00e9t t\u00f6lgy 2052089-167<\/strong><\/figcaption><\/figure><\/div>\n\n\n\n<p><\/p>\n<\/div>\n<\/div>\n\n\n\n<div class=\"wp-block-columns has-2-columns is-layout-flex wp-container-15\">\n<div class=\"wp-block-column is-layout-flow\">\n<div class=\"wp-block-image\"><figure class=\"aligncenter\"><img decoding=\"async\" loading=\"lazy\" width=\"300\" height=\"300\" src=\"\/m22_content\/uploads\/2019\/05\/renolit-macore-3162002-167_stvorec-300x300.jpg\" alt=\"\" class=\"wp-image-661\"\/><figcaption><strong>Macor\u00e9 3162002-167 <\/strong><\/figcaption><\/figure><\/div>\n<\/div>\n\n\n\n<div class=\"wp-block-column is-layout-flow\">\n<div class=\"wp-block-image\"><figure class=\"aligncenter\"><img decoding=\"async\" loading=\"lazy\" width=\"300\" height=\"300\" src=\"\/m22_content\/uploads\/2019\/05\/F_Noce-sorento-balsamico-F4363042-300x300.jpg\" alt=\"\" class=\"wp-image-663\"\/><figcaption><strong>Noce sorrento balsamico F436-3042<\/strong> <\/figcaption><\/figure><\/div>\n<\/div>\n<\/div>\n\n\n\n<div class=\"wp-block-columns has-2-columns is-layout-flex wp-container-18\">\n<div class=\"wp-block-column is-layout-flow\">\n<div class=\"wp-block-image\"><figure class=\"aligncenter\"><img decoding=\"async\" loading=\"lazy\" width=\"300\" height=\"300\" src=\"\/m22_content\/uploads\/2019\/05\/renolit-soft-cherry-3214009-195_stvorec-300x300.jpg\" alt=\"\" class=\"wp-image-665\"\/><figcaption><strong>Soft Cherry 3214009-195<\/strong> <\/figcaption><\/figure><\/div>\n\n\n\n<p><\/p>\n<\/div>\n\n\n\n<div class=\"wp-block-column is-layout-flow\">\n<div class=\"wp-block-image\"><figure class=\"aligncenter\"><img decoding=\"async\" loading=\"lazy\" width=\"300\" height=\"300\" src=\"\/m22_content\/uploads\/2019\/05\/F_Douglasie_3152009-167-300x300.jpg\" alt=\"\" class=\"wp-image-667\"\/><figcaption><strong>Douglasie szalag 3152009-167<\/strong><\/figcaption><\/figure><\/div>\n<\/div>\n<\/div>\n\n\n\n<h3 class=\"wp-block-heading\" style=\"text-align:center\"><strong>2-es csoport<\/strong><\/h3>\n\n\n\n<hr class=\"wp-block-separator is-style-wide\"\/>\n\n\n\n<div class=\"wp-block-columns has-2-columns is-layout-flex wp-container-21\">\n<div class=\"wp-block-column is-layout-flow\">\n<div class=\"wp-block-image\"><figure class=\"aligncenter\"><img decoding=\"async\" loading=\"lazy\" width=\"300\" height=\"300\" src=\"\/m22_content\/uploads\/2019\/05\/Bridlicova-siva-Renolit-701505-809700_stvorec-300x300.jpg\" alt=\"\" class=\"wp-image-677\"\/><figcaption><strong>Palasz\u00fcrke 701505-809700<\/strong><\/figcaption><\/figure><\/div>\n<\/div>\n\n\n\n<div class=\"wp-block-column is-layout-flow\">\n<div class=\"wp-block-image\"><figure class=\"aligncenter\"><img decoding=\"async\" loading=\"lazy\" width=\"300\" height=\"300\" src=\"\/m22_content\/uploads\/2019\/05\/renolit-grau-715505-167_stvorec-300x300.jpg\" alt=\"\" class=\"wp-image-679\"\/><figcaption><strong>Sz\u00fcrke 715505-167<\/strong><\/figcaption><\/figure><\/div>\n<\/div>\n<\/div>\n\n\n\n<div class=\"wp-block-columns has-2-columns is-layout-flex wp-container-24\">\n<div class=\"wp-block-column is-layout-flow\">\n<div class=\"wp-block-image\"><figure class=\"aligncenter\"><img decoding=\"async\" loading=\"lazy\" width=\"300\" height=\"300\" src=\"\/m22_content\/uploads\/2019\/05\/hornschuch-aluminium-F4361001_stvorec-300x300.jpg\" alt=\"\" class=\"wp-image-681\"\/><figcaption><strong>Alum\u00ednium F436-1001 <\/strong><\/figcaption><\/figure><\/div>\n<\/div>\n\n\n\n<div class=\"wp-block-column is-layout-flow\">\n<div class=\"wp-block-image\"><figure class=\"aligncenter\"><img decoding=\"async\" loading=\"lazy\" width=\"300\" height=\"300\" src=\"\/m22_content\/uploads\/2019\/05\/F_Biela-915205-168-300x300.jpg\" alt=\"\" class=\"wp-image-683\"\/><figcaption><strong>Feh\u00e9r 915205-168<\/strong><\/figcaption><\/figure><\/div>\n<\/div>\n<\/div>\n\n\n\n<div class=\"wp-block-columns has-2-columns is-layout-flex wp-container-27\">\n<div class=\"wp-block-column is-layout-flow\">\n<div class=\"wp-block-image\"><figure class=\"aligncenter\"><img decoding=\"async\" loading=\"lazy\" width=\"300\" height=\"300\" src=\"\/m22_content\/uploads\/2019\/05\/F_Moosgrun-600505-167-300x300.jpg\" alt=\"\" class=\"wp-image-685\"\/><figcaption><strong>S\u00f6t\u00e9tz\u00f6ld 600505-167<\/strong><\/figcaption><\/figure><\/div>\n<\/div>\n\n\n\n<div class=\"wp-block-column is-layout-flow\">\n<div class=\"wp-block-image\"><figure class=\"aligncenter\"><img decoding=\"async\" loading=\"lazy\" width=\"300\" height=\"300\" src=\"\/m22_content\/uploads\/2019\/05\/cova-siena-PN-noce-49237_stvorec-300x300.jpg\" alt=\"\" class=\"wp-image-687\"\/><figcaption><strong>Siena PN Cova 49237<\/strong> <\/figcaption><\/figure><\/div>\n<\/div>\n<\/div>\n\n\n\n<div class=\"wp-block-columns has-2-columns is-layout-flex wp-container-30\">\n<div class=\"wp-block-column is-layout-flow\">\n<div class=\"wp-block-image\"><figure class=\"aligncenter\"><img decoding=\"async\" loading=\"lazy\" width=\"300\" height=\"300\" src=\"\/m22_content\/uploads\/2019\/05\/F_\u010dokol\u00e1dov\u00e1-887505-167-300x300.jpg\" alt=\"\" class=\"wp-image-689\"\/><figcaption><strong>Csokol\u00e1d\u00e9barna 887505-167<\/strong><\/figcaption><\/figure><\/div>\n<\/div>\n\n\n\n<div class=\"wp-block-column is-layout-flow\">\n<div class=\"wp-block-image\"><figure class=\"aligncenter\"><img decoding=\"async\" loading=\"lazy\" width=\"300\" height=\"300\" src=\"\/m22_content\/uploads\/2019\/05\/F_Mahagon-2097013-167-300x300.jpg\" alt=\"\" class=\"wp-image-691\"\/><figcaption> <strong>Mahag\u00f3ni 2097013-167<\/strong> <\/figcaption><\/figure><\/div>\n<\/div>\n<\/div>\n\n\n\n<div class=\"wp-block-columns has-2-columns is-layout-flex wp-container-33\">\n<div class=\"wp-block-column is-layout-flow\">\n<div class=\"wp-block-image\"><figure class=\"aligncenter\"><img decoding=\"async\" loading=\"lazy\" width=\"300\" height=\"300\" src=\"\/m22_content\/uploads\/2019\/05\/F_cherry-amaretto-F4363043-300x300.jpg\" alt=\"\" class=\"wp-image-693\"\/><figcaption><strong>Cherry amaretto F4363043<\/strong><br><\/figcaption><\/figure><\/div>\n<\/div>\n\n\n\n<div class=\"wp-block-column is-layout-flow\">\n<div class=\"wp-block-image\"><figure class=\"aligncenter\"><img decoding=\"async\" loading=\"lazy\" width=\"300\" height=\"300\" src=\"\/m22_content\/uploads\/2019\/05\/F_Cova-Winchester-49240-300x300.jpg\" alt=\"\" class=\"wp-image-695\"\/><figcaption> <strong>Winchester 49240<\/strong><\/figcaption><\/figure><\/div>\n<\/div>\n<\/div>\n\n\n\n<div class=\"wp-block-columns has-2-columns is-layout-flex wp-container-36\">\n<div class=\"wp-block-column is-layout-flow\">\n<div class=\"wp-block-image\"><figure class=\"aligncenter\"><img decoding=\"async\" loading=\"lazy\" width=\"300\" height=\"300\" src=\"\/m22_content\/uploads\/2019\/05\/F_irish-oak-3211005-148-300x300.jpg\" alt=\"\" class=\"wp-image-697\"\/><figcaption><strong>\u00cdr t\u00f6lgy\/Irish Oak 3211005-148<\/strong><\/figcaption><\/figure><\/div>\n<\/div>\n\n\n\n<div class=\"wp-block-column is-layout-flow\">\n<div class=\"wp-block-image\"><figure class=\"aligncenter\"><img decoding=\"async\" loading=\"lazy\" width=\"300\" height=\"300\" src=\"\/m22_content\/uploads\/2019\/05\/Bergkiefer-Renolit-3069-041-8097_stvorec-300x300.jpg\" alt=\"\" class=\"wp-image-699\"\/><figcaption> <strong>Bergkiefer 3069 041-8097 <\/strong><\/figcaption><\/figure><\/div>\n<\/div>\n<\/div>\n\n\n\n<div class=\"wp-block-columns has-2-columns is-layout-flex wp-container-39\">\n<div class=\"wp-block-column is-layout-flow\">\n<div class=\"wp-block-image\"><figure class=\"aligncenter\"><img decoding=\"async\" loading=\"lazy\" width=\"300\" height=\"300\" src=\"\/m22_content\/uploads\/2019\/05\/hornschuch-birke-rose-F4363031_stvorec-300x300.jpg\" alt=\"\" class=\"wp-image-701\"\/><figcaption><strong> Birke Rose F436-3031<\/strong><\/figcaption><\/figure><\/div>\n<\/div>\n\n\n\n<div class=\"wp-block-column is-layout-flow\">\n<div class=\"wp-block-image\"><figure class=\"aligncenter\"><img decoding=\"async\" loading=\"lazy\" width=\"300\" height=\"300\" src=\"\/m22_content\/uploads\/2019\/05\/F_Oregon-1192001-167-300x300.jpg\" alt=\"\" class=\"wp-image-703\"\/><figcaption> <strong>Oregon 1192001-167<\/strong> <\/figcaption><\/figure><\/div>\n<\/div>\n<\/div>\n","protected":false},"excerpt":{"rendered":"<p>A lamin\u00e1l\u00f3 f\u00f3li\u00e1k sz\u00edne \u00e9s dekorja Az ablakf\u00f3li\u00e1k nem csak a h\u00e1z homlokzat\u00e1val, de a bej\u00e1rati ajt\u00f3val vagy gar\u00e1zskapuval is \u00f6ssze tudja hangolni az ablakokat. A k\u00fcls\u0151 oldalr\u00f3l v\u00e9di az &#8230;<\/p>\n","protected":false},"featured_media":643,"template":"","product_categories":[27],"acf":[],"_links":{"self":[{"href":"https:\/\/oknarener.sk\/hu\/wp-json\/wp\/v2\/product\/1015"}],"collection":[{"href":"https:\/\/oknarener.sk\/hu\/wp-json\/wp\/v2\/product"}],"about":[{"href":"https:\/\/oknarener.sk\/hu\/wp-json\/wp\/v2\/types\/product"}],"version-history":[{"count":0,"href":"https:\/\/oknarener.sk\/hu\/wp-json\/wp\/v2\/product\/1015\/revisions"}],"wp:featuredmedia":[{"embeddable":true,"href":"https:\/\/oknarener.sk\/hu\/wp-json\/wp\/v2\/media\/643"}],"wp:attachment":[{"href":"https:\/\/oknarener.sk\/hu\/wp-json\/wp\/v2\/media?parent=1015"}],"wp:term":[{"taxonomy":"product_categories","embeddable":true,"href":"https:\/\/oknarener.sk\/hu\/wp-json\/wp\/v2\/product_categories?post=1015"}],"curies":[{"name":"wp","href":"https:\/\/api.w.org\/{rel}","templated":true}]}}