{"id":976,"date":"2019-05-07T12:43:44","date_gmt":"2019-05-07T12:43:44","guid":{"rendered":"http:\/\/oknarener.22media.sk\/produkty\/sklopno-posuvne-hlinikove-dvere\/"},"modified":"2019-05-31T12:08:01","modified_gmt":"2019-05-31T12:08:01","slug":"billeno-tolo-aluminium-ajto","status":"publish","type":"product","link":"https:\/\/oknarener.sk\/hu\/produkty\/billeno-tolo-aluminium-ajto\/","title":{"rendered":"Billen\u0151-tol\u00f3 alum\u00ednium ajt\u00f3"},"content":{"rendered":"\n<div class=\"wp-block-columns has-2-columns is-layout-flex wp-container-3\">\n<div class=\"wp-block-column is-layout-flow\">\n<div class=\"wp-block-image\"><figure class=\"aligncenter\"><img decoding=\"async\" loading=\"lazy\" width=\"260\" height=\"260\" src=\"\/m22_content\/uploads\/2019\/05\/door_14.jpg\" alt=\"\" class=\"wp-image-534\"\/><\/figure><\/div>\n<\/div>\n\n\n\n<div class=\"wp-block-column is-layout-flow\">\n<ul><li>Egyszer\u0171 kezel\u00e9si rendszer <\/li><li>Nyit\u00e1skor minim\u00e1lis helyet foglalnak <\/li><li>A billent\u00e9s \u00e9s tol\u00e1s p\u00e1rhuzamos az ablakkerettel <\/li><li>Az egy sz\u00e1rny maxim\u00e1lis sz\u00e9less\u00e9ge 1600 mm <\/li><li>Dupla vagy h\u00e1rmas \u00fcvegez\u00e9s lehet\u0151s\u00e9ge <\/li><li>Lamin\u00e1lt vagy RAL sz\u00ednsk\u00e1la kivitelez\u00e9s <\/li><\/ul>\n<\/div>\n<\/div>\n","protected":false},"excerpt":{"rendered":"<p>Egyszer\u0171 kezel\u00e9si rendszer Nyit\u00e1skor minim\u00e1lis helyet foglalnak A billent\u00e9s \u00e9s tol\u00e1s p\u00e1rhuzamos az ablakkerettel Az egy sz\u00e1rny maxim\u00e1lis sz\u00e9less\u00e9ge 1600 mm Dupla vagy h\u00e1rmas \u00fcvegez\u00e9s lehet\u0151s\u00e9ge Lamin\u00e1lt vagy RAL sz\u00ednsk\u00e1la &#8230;<\/p>\n","protected":false},"featured_media":535,"template":"","product_categories":[25],"acf":[],"_links":{"self":[{"href":"https:\/\/oknarener.sk\/hu\/wp-json\/wp\/v2\/product\/976"}],"collection":[{"href":"https:\/\/oknarener.sk\/hu\/wp-json\/wp\/v2\/product"}],"about":[{"href":"https:\/\/oknarener.sk\/hu\/wp-json\/wp\/v2\/types\/product"}],"version-history":[{"count":0,"href":"https:\/\/oknarener.sk\/hu\/wp-json\/wp\/v2\/product\/976\/revisions"}],"wp:featuredmedia":[{"embeddable":true,"href":"https:\/\/oknarener.sk\/hu\/wp-json\/wp\/v2\/media\/535"}],"wp:attachment":[{"href":"https:\/\/oknarener.sk\/hu\/wp-json\/wp\/v2\/media?parent=976"}],"wp:term":[{"taxonomy":"product_categories","embeddable":true,"href":"https:\/\/oknarener.sk\/hu\/wp-json\/wp\/v2\/product_categories?post=976"}],"curies":[{"name":"wp","href":"https:\/\/api.w.org\/{rel}","templated":true}]}}