{"id":984,"date":"2019-05-07T13:03:17","date_gmt":"2019-05-07T13:03:17","guid":{"rendered":"http:\/\/oknarener.22media.sk\/produkty\/vchodove-plastove-dvere\/"},"modified":"2019-05-31T12:30:13","modified_gmt":"2019-05-31T12:30:13","slug":"muanyag-bejarati-ajto","status":"publish","type":"product","link":"https:\/\/oknarener.sk\/hu\/produkty\/muanyag-bejarati-ajto\/","title":{"rendered":"M\u0171anyag bej\u00e1rati ajt\u00f3"},"content":{"rendered":"\n<div class=\"wp-block-columns has-2-columns is-layout-flex wp-container-3\">\n<div class=\"wp-block-column is-layout-flow\">\n<div class=\"wp-block-image\"><figure class=\"aligncenter\"><img decoding=\"async\" loading=\"lazy\" width=\"260\" height=\"260\" src=\"\/m22_content\/uploads\/2019\/05\/door_08.jpg\" alt=\"\" class=\"wp-image-548\"\/><\/figure><\/div>\n<\/div>\n\n\n\n<div class=\"wp-block-column is-layout-flow\">\n<ul><li>5-kamr\u00e1s keretprofil \u00e9s 4-kamr\u00e1s sz\u00e1rnyprofil kit\u0171n\u0151 h\u0151szigetel\u0151 tulajdons\u00e1gokkal<\/li><li>70 mm-es be\u00e9p\u00edt\u00e9si m\u00e9lys\u00e9g<\/li><li>Dupla, h\u00e1rmas \u00fcvegez\u00e9s lehet\u0151s\u00e9ge vagy k\u00fcl\u00f6nb\u00f6z\u0151 m\u00e1s kit\u00f6lt\u00e9sekkel<\/li><li>A teljes ker\u00fclet\u0171 bels\u0151 t\u00f6m\u00edt\u00e9s a k\u00fcls\u0151 t\u00f6m\u00edt\u00e9ssel egy\u00fctt v\u00e9delmet biztos\u00edtanak a zaj \u00e9s az id\u0151j\u00e1r\u00e1s ellen<\/li><li>B\u00e1rmelyik lamin\u00e1l\u00e1sban sz\u00ednes kivitelez\u00e9s lehets\u00e9ges<\/li><\/ul>\n<\/div>\n<\/div>\n","protected":false},"excerpt":{"rendered":"<p>5-kamr\u00e1s keretprofil \u00e9s 4-kamr\u00e1s sz\u00e1rnyprofil kit\u0171n\u0151 h\u0151szigetel\u0151 tulajdons\u00e1gokkal 70 mm-es be\u00e9p\u00edt\u00e9si m\u00e9lys\u00e9g Dupla, h\u00e1rmas \u00fcvegez\u00e9s lehet\u0151s\u00e9ge vagy k\u00fcl\u00f6nb\u00f6z\u0151 m\u00e1s kit\u00f6lt\u00e9sekkel A teljes ker\u00fclet\u0171 bels\u0151 t\u00f6m\u00edt\u00e9s a k\u00fcls\u0151 t\u00f6m\u00edt\u00e9ssel egy\u00fctt v\u00e9delmet &#8230;<\/p>\n","protected":false},"featured_media":549,"template":"","product_categories":[26],"acf":[],"_links":{"self":[{"href":"https:\/\/oknarener.sk\/hu\/wp-json\/wp\/v2\/product\/984"}],"collection":[{"href":"https:\/\/oknarener.sk\/hu\/wp-json\/wp\/v2\/product"}],"about":[{"href":"https:\/\/oknarener.sk\/hu\/wp-json\/wp\/v2\/types\/product"}],"version-history":[{"count":0,"href":"https:\/\/oknarener.sk\/hu\/wp-json\/wp\/v2\/product\/984\/revisions"}],"wp:featuredmedia":[{"embeddable":true,"href":"https:\/\/oknarener.sk\/hu\/wp-json\/wp\/v2\/media\/549"}],"wp:attachment":[{"href":"https:\/\/oknarener.sk\/hu\/wp-json\/wp\/v2\/media?parent=984"}],"wp:term":[{"taxonomy":"product_categories","embeddable":true,"href":"https:\/\/oknarener.sk\/hu\/wp-json\/wp\/v2\/product_categories?post=984"}],"curies":[{"name":"wp","href":"https:\/\/api.w.org\/{rel}","templated":true}]}}