{"id":990,"date":"2019-05-07T13:09:53","date_gmt":"2019-05-07T13:09:53","guid":{"rendered":"http:\/\/oknarener.22media.sk\/produkty\/vchodove-hlinikove-dvere-d72\/"},"modified":"2019-05-31T12:34:27","modified_gmt":"2019-05-31T12:34:27","slug":"d72-bejarati-aluminium-ajto","status":"publish","type":"product","link":"https:\/\/oknarener.sk\/hu\/produkty\/d72-bejarati-aluminium-ajto\/","title":{"rendered":"D72 bej\u00e1rati alum\u00ednium ajt\u00f3"},"content":{"rendered":"\n<div class=\"wp-block-columns has-2-columns is-layout-flex wp-container-3\">\n<div class=\"wp-block-column is-layout-flow\">\n<figure class=\"wp-block-image\"><img decoding=\"async\" loading=\"lazy\" width=\"260\" height=\"260\" src=\"\/m22_content\/uploads\/2019\/05\/door_11.jpg\" alt=\"\" class=\"wp-image-557\"\/><\/figure>\n<\/div>\n\n\n\n<div class=\"wp-block-column is-layout-flow\">\n<ul><li>72 mm-es be\u00e9p\u00edt\u00e9si m\u00e9lys\u00e9g<\/li><li>Magas stabilit\u00e1s \u00e9s magas fok\u00fa h\u0151szigetel\u00e9s<\/li><li>A bej\u00e1rati ajt\u00f3k standardja a 3-pontos z\u00e1rrendszer<\/li><li>A Slovaktual PASIV m\u0171anyag ablakaival kombin\u00e1lhat\u00f3<\/li><li>H\u0151szigetel\u0151 h\u00e1rmas \u00fcvegez\u00e9s, k\u00fcl\u00f6nb\u00f6z\u0151 m\u00e1s t\u00edpus\u00fa kit\u00f6lt\u00e9s is haszn\u00e1lhat\u00f3 <\/li><li>Lamin\u00e1lt vagy RAL sz\u00ednsk\u00e1la kivitelez\u00e9s<\/li><li>H\u0151\u00e1tviteli egy\u00fctthat\u00f3 a standard \u00fcvegez\u00e9sn\u00e9l Ud \u2013 1,2W\/m<sup>2<\/sup>K<\/li><\/ul>\n<\/div>\n<\/div>\n","protected":false},"excerpt":{"rendered":"<p>72 mm-es be\u00e9p\u00edt\u00e9si m\u00e9lys\u00e9g Magas stabilit\u00e1s \u00e9s magas fok\u00fa h\u0151szigetel\u00e9s A bej\u00e1rati ajt\u00f3k standardja a 3-pontos z\u00e1rrendszer A Slovaktual PASIV m\u0171anyag ablakaival kombin\u00e1lhat\u00f3 H\u0151szigetel\u0151 h\u00e1rmas \u00fcvegez\u00e9s, k\u00fcl\u00f6nb\u00f6z\u0151 m\u00e1s t\u00edpus\u00fa kit\u00f6lt\u00e9s &#8230;<\/p>\n","protected":false},"featured_media":558,"template":"","product_categories":[26],"acf":[],"_links":{"self":[{"href":"https:\/\/oknarener.sk\/hu\/wp-json\/wp\/v2\/product\/990"}],"collection":[{"href":"https:\/\/oknarener.sk\/hu\/wp-json\/wp\/v2\/product"}],"about":[{"href":"https:\/\/oknarener.sk\/hu\/wp-json\/wp\/v2\/types\/product"}],"version-history":[{"count":0,"href":"https:\/\/oknarener.sk\/hu\/wp-json\/wp\/v2\/product\/990\/revisions"}],"wp:featuredmedia":[{"embeddable":true,"href":"https:\/\/oknarener.sk\/hu\/wp-json\/wp\/v2\/media\/558"}],"wp:attachment":[{"href":"https:\/\/oknarener.sk\/hu\/wp-json\/wp\/v2\/media?parent=990"}],"wp:term":[{"taxonomy":"product_categories","embeddable":true,"href":"https:\/\/oknarener.sk\/hu\/wp-json\/wp\/v2\/product_categories?post=990"}],"curies":[{"name":"wp","href":"https:\/\/api.w.org\/{rel}","templated":true}]}}