{"id":993,"date":"2019-05-07T13:11:34","date_gmt":"2019-05-07T13:11:34","guid":{"rendered":"http:\/\/oknarener.22media.sk\/produkty\/vchodove-hlinikove-dvere-d65\/"},"modified":"2019-05-31T12:36:45","modified_gmt":"2019-05-31T12:36:45","slug":"d65-bejarati-aluminium-ajto","status":"publish","type":"product","link":"https:\/\/oknarener.sk\/hu\/produkty\/d65-bejarati-aluminium-ajto\/","title":{"rendered":"D65 bej\u00e1rati alum\u00ednium ajt\u00f3"},"content":{"rendered":"\n<div class=\"wp-block-columns has-2-columns is-layout-flex wp-container-3\">\n<div class=\"wp-block-column is-layout-flow\">\n<div class=\"wp-block-image\"><figure class=\"aligncenter\"><img decoding=\"async\" loading=\"lazy\" width=\"260\" height=\"260\" src=\"\/m22_content\/uploads\/2019\/05\/door_12.jpg\" alt=\"\" class=\"wp-image-561\"\/><\/figure><\/div>\n<\/div>\n\n\n\n<div class=\"wp-block-column is-layout-flow\">\n<ul><li>A rendszer fel\u00faj\u00edt\u00e1shoz vagy csal\u00e1di h\u00e1zakba alkalmas<\/li><li>3-kamr\u00e1s profilrendszer magas stabilit\u00e1ssal \u00e9s optim\u00e1lis h\u0151szigetel\u00e9ssel <\/li><li>65 mm-es be\u00e9p\u00edt\u00e9si m\u00e9lys\u00e9g <\/li><li>H\u0151szigetel\u0151 dupla\u00fcvegez\u00e9s standard, fel\u00e1r n\u00e9lk\u00fcl <\/li><li>Lamin\u00e1lt vagy RAL sz\u00ednsk\u00e1la kivitelez\u00e9s<\/li><li>A Slovaktual STANDARD m\u0171anyag ablakaival kombin\u00e1lhat\u00f3<\/li><li>H\u0151\u00e1tviteli egy\u00fctthat\u00f3 a standard \u00fcvegez\u00e9sn\u00e9l Ud \u2013 1,5W\/m<sup>2<\/sup>K<\/li><\/ul>\n<\/div>\n<\/div>\n","protected":false},"excerpt":{"rendered":"<p>A rendszer fel\u00faj\u00edt\u00e1shoz vagy csal\u00e1di h\u00e1zakba alkalmas 3-kamr\u00e1s profilrendszer magas stabilit\u00e1ssal \u00e9s optim\u00e1lis h\u0151szigetel\u00e9ssel 65 mm-es be\u00e9p\u00edt\u00e9si m\u00e9lys\u00e9g H\u0151szigetel\u0151 dupla\u00fcvegez\u00e9s standard, fel\u00e1r n\u00e9lk\u00fcl Lamin\u00e1lt vagy RAL sz\u00ednsk\u00e1la kivitelez\u00e9s A Slovaktual &#8230;<\/p>\n","protected":false},"featured_media":562,"template":"","product_categories":[26],"acf":[],"_links":{"self":[{"href":"https:\/\/oknarener.sk\/hu\/wp-json\/wp\/v2\/product\/993"}],"collection":[{"href":"https:\/\/oknarener.sk\/hu\/wp-json\/wp\/v2\/product"}],"about":[{"href":"https:\/\/oknarener.sk\/hu\/wp-json\/wp\/v2\/types\/product"}],"version-history":[{"count":0,"href":"https:\/\/oknarener.sk\/hu\/wp-json\/wp\/v2\/product\/993\/revisions"}],"wp:featuredmedia":[{"embeddable":true,"href":"https:\/\/oknarener.sk\/hu\/wp-json\/wp\/v2\/media\/562"}],"wp:attachment":[{"href":"https:\/\/oknarener.sk\/hu\/wp-json\/wp\/v2\/media?parent=993"}],"wp:term":[{"taxonomy":"product_categories","embeddable":true,"href":"https:\/\/oknarener.sk\/hu\/wp-json\/wp\/v2\/product_categories?post=993"}],"curies":[{"name":"wp","href":"https:\/\/api.w.org\/{rel}","templated":true}]}}