{"id":996,"date":"2019-05-07T13:13:55","date_gmt":"2019-05-07T13:13:55","guid":{"rendered":"http:\/\/oknarener.22media.sk\/produkty\/interierove-hlinikove-dvere-d50\/"},"modified":"2019-05-31T12:41:48","modified_gmt":"2019-05-31T12:41:48","slug":"d50-belteri-aluminium-ajto","status":"publish","type":"product","link":"https:\/\/oknarener.sk\/hu\/produkty\/d50-belteri-aluminium-ajto\/","title":{"rendered":"D50 belt\u00e9ri alum\u00ednium ajt\u00f3"},"content":{"rendered":"\n<div class=\"wp-block-columns has-2-columns is-layout-flex wp-container-3\">\n<div class=\"wp-block-column is-layout-flow\">\n<figure class=\"wp-block-image\"><img decoding=\"async\" loading=\"lazy\" width=\"260\" height=\"260\" src=\"\/m22_content\/uploads\/2019\/05\/door_13.jpg\" alt=\"\" class=\"wp-image-567\"\/><\/figure>\n<\/div>\n\n\n\n<div class=\"wp-block-column is-layout-flow\">\n<ul><li>Rendszer a bels\u0151 falakhoz, a lak\u00f3h\u00e1zak el\u0151csarnokaihoz (az azonos klimatikus viszonyokkal rendelkez\u0151 helyis\u00e9gek elv\u00e1laszt\u00e1sa) <\/li><li>50 mm-es be\u00e9p\u00edt\u00e9si m\u00e9lys\u00e9g<\/li><li>Egykamr\u00e1s rendszer el\u0151ny\u00f6s \u00e1ron <\/li><li>Lehet\u0151v\u00e9 teszi az egyszer\u0171 \u00fcvegez\u00e9st, valamint a dupla, h\u0151szigetel\u0151 \u00fcvegez\u00e9st <\/li><li>Lamin\u00e1lt vagy RAL sz\u00ednsk\u00e1la kivitelez\u00e9s<\/li><\/ul>\n<\/div>\n<\/div>\n","protected":false},"excerpt":{"rendered":"<p>Rendszer a bels\u0151 falakhoz, a lak\u00f3h\u00e1zak el\u0151csarnokaihoz (az azonos klimatikus viszonyokkal rendelkez\u0151 helyis\u00e9gek elv\u00e1laszt\u00e1sa) 50 mm-es be\u00e9p\u00edt\u00e9si m\u00e9lys\u00e9g Egykamr\u00e1s rendszer el\u0151ny\u00f6s \u00e1ron Lehet\u0151v\u00e9 teszi az egyszer\u0171 \u00fcvegez\u00e9st, valamint a dupla, &#8230;<\/p>\n","protected":false},"featured_media":568,"template":"","product_categories":[26],"acf":[],"_links":{"self":[{"href":"https:\/\/oknarener.sk\/hu\/wp-json\/wp\/v2\/product\/996"}],"collection":[{"href":"https:\/\/oknarener.sk\/hu\/wp-json\/wp\/v2\/product"}],"about":[{"href":"https:\/\/oknarener.sk\/hu\/wp-json\/wp\/v2\/types\/product"}],"version-history":[{"count":0,"href":"https:\/\/oknarener.sk\/hu\/wp-json\/wp\/v2\/product\/996\/revisions"}],"wp:featuredmedia":[{"embeddable":true,"href":"https:\/\/oknarener.sk\/hu\/wp-json\/wp\/v2\/media\/568"}],"wp:attachment":[{"href":"https:\/\/oknarener.sk\/hu\/wp-json\/wp\/v2\/media?parent=996"}],"wp:term":[{"taxonomy":"product_categories","embeddable":true,"href":"https:\/\/oknarener.sk\/hu\/wp-json\/wp\/v2\/product_categories?post=996"}],"curies":[{"name":"wp","href":"https:\/\/api.w.org\/{rel}","templated":true}]}}