{"id":999,"date":"2019-05-07T13:21:51","date_gmt":"2019-05-07T13:21:51","guid":{"rendered":"http:\/\/oknarener.22media.sk\/produkty\/bezpecnost\/"},"modified":"2019-05-31T12:52:52","modified_gmt":"2019-05-31T12:52:52","slug":"biztonsag","status":"publish","type":"product","link":"https:\/\/oknarener.sk\/hu\/produkty\/biztonsag\/","title":{"rendered":"Biztons\u00e1g"},"content":{"rendered":"\n<figure class=\"wp-block-image alignwide\"><img decoding=\"async\" loading=\"lazy\" width=\"746\" height=\"250\" src=\"\/m22_content\/uploads\/2019\/05\/bezpecnost_02.jpg\" alt=\"\" class=\"wp-image-571\" srcset=\"https:\/\/oknarener.sk\/m22_content\/uploads\/2019\/05\/bezpecnost_02.jpg 746w, https:\/\/oknarener.sk\/m22_content\/uploads\/2019\/05\/bezpecnost_02-300x101.jpg 300w\" sizes=\"(max-width: 746px) 100vw, 746px\" \/><\/figure>\n\n\n\n<hr class=\"wp-block-separator is-style-dots\"\/>\n\n\n\n<div class=\"wp-block-columns has-2-columns is-layout-flex wp-container-3\">\n<div class=\"wp-block-column is-layout-flow\">\n<figure class=\"wp-block-image\"><img decoding=\"async\" loading=\"lazy\" width=\"160\" height=\"37\" src=\"\/m22_content\/uploads\/2019\/05\/bezpecnost_03.jpg\" alt=\"\" class=\"wp-image-575\"\/><\/figure>\n\n\n\n<p>Ujjlenyomattal egyszer\u0171bb \u00e9s biztons\u00e1gosabb hozz\u00e1f\u00e9r\u00e9s.<\/p>\n\n\n\n<p>Az Ekey home integra k\u00e9nyelmet visz otthon\u00e1ba. Az Ekey biometrikus vezet\u0151 c\u00e9g fejlett technol\u00f3gi\u00e1ja, amely a bej\u00e1rati ajt\u00f3j\u00e1nak eleganci\u00e1j\u00e1val van \u00f6tv\u00f6zve. A be\u00e9p\u00edtett ujjlenyomatleolvas\u00f3-rendszer k\u00e9nyelmes \u00e9s biztons\u00e1gos v\u00e1laszt\u00e1s a hagyom\u00e1nyos kulcsokkal, k\u00f3dokkal vagy k\u00e1rty\u00e1kkal szemben. A vez\u00e9rl\u0151pult szinte semmilyen helyet nem foglal \u00e9s biztons\u00e1gosan az ajt\u00f3sz\u00e1rnyban van elhelyezve. Az elveszett vagy az elfelejtett kulcs m\u00e1r a m\u00falt\u00e9, mivel: az \u00d6n ujja a kulcs. <\/p>\n<\/div>\n\n\n\n<div class=\"wp-block-column is-layout-flow\">\n<h3 class=\"wp-block-heading\"><strong>Egyszer\u0171<\/strong><\/h3>\n\n\n\n<p>Ajt\u00f3 vagy kapunyit\u00e1s, a biztons\u00e1gi rendszer aktiv\u00e1l\u00e1sa egytelen ujjh\u00faz\u00e1ssal. A felhatalmazott szem\u00e9lyeket maga a felhaszn\u00e1l\u00f3 hozz\u00e1 tudja adni a rendszerhez, nincs sz\u00fcks\u00e9g technikusra vagy sz\u00e1m\u00edt\u00f3g\u00e9pre.<\/p>\n\n\n\n<h3 class=\"wp-block-heading\"><strong>K\u00e9nyelmes<\/strong><\/h3>\n\n\n\n<p>A kulcs sz\u00f3 szerint mindig a kez\u00e9n van. Az intelligens szoftver minden haszn\u00e1lattal tanul \u00e9s felismeri a n\u00f6vekv\u0151 gyerekkezet, ak\u00e1rcsak a felhaszn\u00e1l\u00f3i szok\u00e1sokban vagy m\u00f3dokban be\u00e1llt v\u00e1ltoz\u00e1sokat.<\/p>\n\n\n\n<h3 class=\"wp-block-heading\"><strong>Biztons\u00e1gos<\/strong><\/h3>\n\n\n\n<p>Az ujjlenyomat biztons\u00e1gosabb, mint a kulcs, amit ellophatnak vagy elvesz\u00edthet. A rendszert k\u00edv\u00fclr\u0151l nem lehet kezelni.<\/p>\n<\/div>\n<\/div>\n\n\n\n<hr class=\"wp-block-separator is-style-dots\"\/>\n\n\n\n<h3 class=\"wp-block-heading\" style=\"text-align:center\">Felhaszn\u00e1l\u00e1s \u00e9s technikai le\u00edr\u00e1s<br><br><\/h3>\n\n\n\n<div class=\"wp-block-columns has-2-columns is-layout-flex wp-container-6\">\n<div class=\"wp-block-column is-layout-flow\">\n<figure class=\"wp-block-image alignwide\"><img decoding=\"async\" loading=\"lazy\" width=\"336\" height=\"256\" src=\"\/m22_content\/uploads\/2019\/05\/bezpecnost_01.jpg\" alt=\"\" class=\"wp-image-577\" srcset=\"https:\/\/oknarener.sk\/m22_content\/uploads\/2019\/05\/bezpecnost_01.jpg 336w, https:\/\/oknarener.sk\/m22_content\/uploads\/2019\/05\/bezpecnost_01-300x229.jpg 300w\" sizes=\"(max-width: 336px) 100vw, 336px\" \/><\/figure>\n\n\n\n<ol><li><\/li><\/ol>\n\n\n\n<ol><li><strong>Kapuk: <\/strong>Az ellen\u00e1ll\u00f3 ujjlenyomatleolvas\u00f3k k\u00fclt\u00e9ri haszn\u00e1latra k\u00e9sz\u00fcltek  <\/li><li><strong>Gar\u00e1zs: <\/strong>A transzponder az aut\u00f3ban van \u2013 az ujjlenyomatleolvas\u00f3 pedig a gar\u00e1zskapu mellett <\/li><li><strong>Kaputelefon: <\/strong>Be\u00e9p\u00edtett ujjlenyomatleolvas\u00f3-rendszerrel el\u00e9rhet\u0151k <\/li><li><strong>Bej\u00e1rati ajt\u00f3:<\/strong> A funkcionalit\u00e1s \u00e9s a megjelen\u00e9s optim\u00e1lis \u00f6tv\u00f6zete <\/li><li><strong>Biztons\u00e1gi rendszerek:<\/strong> A rendszer egyszer\u0171 aktiv\u00e1l\u00e1sa vagy deaktiv\u00e1l\u00e1sa <\/li><li><strong>Sz\u00e9fek: <\/strong>Magasabb bebiztos\u00edt\u00e1s, mint egy tetsz\u0151leges k\u00f3ddal <\/li><li><strong>Sz\u00e9fek fegyverekre:<\/strong> Biztons\u00e1gos a fegyverek t\u00e1rol\u00e1s\u00e1r\u00f3l sz\u00f3l\u00f3 jogszab\u00e1ly \u00e9rtelm\u00e9ben <\/li><li><strong>Biztons\u00e1gi z\u00f3na:<\/strong> Mint pl. az iroda, p\u00e1nikhelyis\u00e9g <\/li><li><strong>Felvon\u00f3<\/strong><\/li><\/ol>\n\n\n\n<p><\/p>\n<\/div>\n\n\n\n<div class=\"wp-block-column is-layout-flow\">\n<table class=\"special_data_table\"><tbody><tr><td width=\"120\"><\/td><th>ekey home<br>integra<\/th><th>ekey home 2<br>integra<\/th><\/tr><tr><th>Alkalmaz\u00e1si ter\u00fclet<\/th><td colspan=\"2\">Bej\u00e1rati ajt\u00f3k<br>\n(csal\u00e1di h\u00e1zak)\n<\/td><\/tr><tr><th>Ujjlenyomatok sz\u00e1ma<br>\n(felhaszn\u00e1lok)\n<\/th><td colspan=\"2\">99<\/td><\/tr><tr><th>Relais 42 V, bis 2A<\/th><td>1<\/td><td>2<\/td><\/tr><tr><th>Sz\u00ednek<\/th><td colspan=\"2\">Diz\u00e1jnos fed\u00e9sek<br>\nrozsdamentes ac\u00e9l \/ feh\u00e9r \/ arany\n<\/td><\/tr><tr><th>\u00dczemi h\u0151m\u00e9rs\u00e9klet tartom\u00e1ny<\/th><td colspan=\"2\">-25\u00b0C-t\u0151l eg\u00e9sz +70\u00b0C-ig<\/td><\/tr><tr><th>Garanciaid\u0151<\/th><td colspan=\"2\">24 h\u00f3nap<\/td><\/tr><\/tbody><\/table>\n\n\n\n<p>Az ujjlenyomatleolvas\u00f3 mint biometrikus h\u00e1l\u00f3zati megold\u00e1s is rendelkez\u00e9sre \u00e1ll, az \u00fan. Ekey net S (40 ujj), M (200 ujj) \u00e9s L (2000 ujj) v\u00e1ltozatban. Tov\u00e1bbi t\u00e1j\u00e9koztat\u00e1s\u00e9rt keresse fel a <a href=\"http:\/\/www.ekey.net\/\">www.ekey.net honlapot<\/a><\/p>\n\n\n\n<p>Az ujjlenyomat-hozz\u00e1f\u00e9r\u00e9si rendszerekben piacvezet\u0151 Eur\u00f3p\u00e1ban.<\/p>\n<\/div>\n<\/div>\n\n\n\n<p><\/p>\n","protected":false},"excerpt":{"rendered":"<p>Ujjlenyomattal egyszer\u0171bb \u00e9s biztons\u00e1gosabb hozz\u00e1f\u00e9r\u00e9s. Az Ekey home integra k\u00e9nyelmet visz otthon\u00e1ba. Az Ekey biometrikus vezet\u0151 c\u00e9g fejlett technol\u00f3gi\u00e1ja, amely a bej\u00e1rati ajt\u00f3j\u00e1nak eleganci\u00e1j\u00e1val van \u00f6tv\u00f6zve. A be\u00e9p\u00edtett ujjlenyomatleolvas\u00f3-rendszer k\u00e9nyelmes &#8230;<\/p>\n","protected":false},"featured_media":574,"template":"","product_categories":[27],"acf":[],"_links":{"self":[{"href":"https:\/\/oknarener.sk\/hu\/wp-json\/wp\/v2\/product\/999"}],"collection":[{"href":"https:\/\/oknarener.sk\/hu\/wp-json\/wp\/v2\/product"}],"about":[{"href":"https:\/\/oknarener.sk\/hu\/wp-json\/wp\/v2\/types\/product"}],"version-history":[{"count":0,"href":"https:\/\/oknarener.sk\/hu\/wp-json\/wp\/v2\/product\/999\/revisions"}],"wp:featuredmedia":[{"embeddable":true,"href":"https:\/\/oknarener.sk\/hu\/wp-json\/wp\/v2\/media\/574"}],"wp:attachment":[{"href":"https:\/\/oknarener.sk\/hu\/wp-json\/wp\/v2\/media?parent=999"}],"wp:term":[{"taxonomy":"product_categories","embeddable":true,"href":"https:\/\/oknarener.sk\/hu\/wp-json\/wp\/v2\/product_categories?post=999"}],"curies":[{"name":"wp","href":"https:\/\/api.w.org\/{rel}","templated":true}]}}